{"id":552,"date":"2020-10-04T19:26:55","date_gmt":"2020-10-04T17:26:55","guid":{"rendered":"https:\/\/davidbesnard.fr\/site\/?post_type=product&#038;p=552"},"modified":"2025-05-08T21:07:51","modified_gmt":"2025-05-08T19:07:51","slug":"un-vol-aux-cotes-dun-geant-les-grandes-jorasses","status":"publish","type":"product","link":"https:\/\/davidbesnard.fr\/site\/produit\/un-vol-aux-cotes-dun-geant-les-grandes-jorasses\/","title":{"rendered":"Un vol aux c\u00f4t\u00e9s d&rsquo;un g\u00e9ant, les Grandes Jorasses"},"content":{"rendered":"<p><img data-recalc-dims=\"1\" loading=\"lazy\" decoding=\"async\" class=\"alignleft wp-image-1007 size-large\" src=\"https:\/\/i0.wp.com\/davidbesnard.fr\/site\/wp-content\/uploads\/2020\/10\/Jorasses.jpg?resize=975%2C667&#038;ssl=1\" alt=\"\" width=\"975\" height=\"667\" srcset=\"https:\/\/i0.wp.com\/davidbesnard.fr\/site\/wp-content\/uploads\/2020\/10\/Jorasses.jpg?resize=1024%2C700&amp;ssl=1 1024w, https:\/\/i0.wp.com\/davidbesnard.fr\/site\/wp-content\/uploads\/2020\/10\/Jorasses.jpg?resize=300%2C205&amp;ssl=1 300w, https:\/\/i0.wp.com\/davidbesnard.fr\/site\/wp-content\/uploads\/2020\/10\/Jorasses.jpg?resize=768%2C525&amp;ssl=1 768w, https:\/\/i0.wp.com\/davidbesnard.fr\/site\/wp-content\/uploads\/2020\/10\/Jorasses.jpg?resize=600%2C410&amp;ssl=1 600w, https:\/\/i0.wp.com\/davidbesnard.fr\/site\/wp-content\/uploads\/2020\/10\/Jorasses.jpg?w=1500&amp;ssl=1 1500w\" sizes=\"auto, (max-width: 975px) 100vw, 975px\" \/><\/p>\n","protected":false},"excerpt":{"rendered":"","protected":false},"featured_media":1023,"comment_status":"closed","ping_status":"closed","template":"","meta":[],"product_brand":[],"product_cat":[174],"product_tag":[160,235],"class_list":{"0":"post-552","1":"product","2":"type-product","3":"status-publish","4":"has-post-thumbnail","6":"product_cat-oeuvres","7":"product_tag-chamonix","8":"product_tag-grandes-jorasses","9":"post-grid","11":"first","12":"instock","13":"taxable","14":"shipping-taxable","15":"purchasable","16":"product-type-variable"},"yoast_head":"<!-- This site is optimized with the Yoast SEO Premium plugin v24.9 (Yoast SEO v26.2) - https:\/\/yoast.com\/wordpress\/plugins\/seo\/ -->\n<title>Un vol aux c\u00f4t\u00e9s d&#039;un g\u00e9ant, les Grandes Jorasses - David Besnard<\/title>\n<meta name=\"robots\" content=\"index, follow, max-snippet:-1, max-image-preview:large, max-video-preview:-1\" \/>\n<link rel=\"canonical\" href=\"https:\/\/davidbesnard.fr\/site\/produit\/un-vol-aux-cotes-dun-geant-les-grandes-jorasses\/\" \/>\n<meta property=\"og:locale\" content=\"fr_FR\" \/>\n<meta property=\"og:type\" content=\"article\" \/>\n<meta property=\"og:title\" content=\"Un vol aux c\u00f4t\u00e9s d&#039;un g\u00e9ant, les Grandes Jorasses\" \/>\n<meta property=\"og:url\" content=\"https:\/\/davidbesnard.fr\/site\/produit\/un-vol-aux-cotes-dun-geant-les-grandes-jorasses\/\" \/>\n<meta property=\"og:site_name\" content=\"David Besnard\" \/>\n<meta property=\"article:modified_time\" content=\"2025-05-08T19:07:51+00:00\" \/>\n<meta property=\"og:image\" content=\"https:\/\/davidbesnard.fr\/site\/wp-content\/uploads\/2020\/11\/jorasses-paper.jpg\" \/>\n\t<meta property=\"og:image:width\" content=\"1300\" \/>\n\t<meta property=\"og:image:height\" content=\"867\" \/>\n\t<meta property=\"og:image:type\" content=\"image\/jpeg\" \/>\n<meta name=\"twitter:card\" content=\"summary_large_image\" \/>\n<meta name=\"twitter:label1\" content=\"Dur\u00e9e de lecture estim\u00e9e\" \/>\n\t<meta name=\"twitter:data1\" content=\"1 minute\" \/>\n<script type=\"application\/ld+json\" class=\"yoast-schema-graph\">{\"@context\":\"https:\/\/schema.org\",\"@graph\":[{\"@type\":\"WebPage\",\"@id\":\"https:\/\/davidbesnard.fr\/site\/produit\/un-vol-aux-cotes-dun-geant-les-grandes-jorasses\/\",\"url\":\"https:\/\/davidbesnard.fr\/site\/produit\/un-vol-aux-cotes-dun-geant-les-grandes-jorasses\/\",\"name\":\"Un vol aux c\u00f4t\u00e9s d'un g\u00e9ant, les Grandes Jorasses - David Besnard\",\"isPartOf\":{\"@id\":\"https:\/\/davidbesnard.fr\/site\/#website\"},\"primaryImageOfPage\":{\"@id\":\"https:\/\/davidbesnard.fr\/site\/produit\/un-vol-aux-cotes-dun-geant-les-grandes-jorasses\/#primaryimage\"},\"image\":{\"@id\":\"https:\/\/davidbesnard.fr\/site\/produit\/un-vol-aux-cotes-dun-geant-les-grandes-jorasses\/#primaryimage\"},\"thumbnailUrl\":\"https:\/\/i0.wp.com\/davidbesnard.fr\/site\/wp-content\/uploads\/2020\/11\/jorasses-paper.jpg?fit=1300%2C867&ssl=1\",\"datePublished\":\"2020-10-04T17:26:55+00:00\",\"dateModified\":\"2025-05-08T19:07:51+00:00\",\"breadcrumb\":{\"@id\":\"https:\/\/davidbesnard.fr\/site\/produit\/un-vol-aux-cotes-dun-geant-les-grandes-jorasses\/#breadcrumb\"},\"inLanguage\":\"fr-FR\",\"potentialAction\":[{\"@type\":\"ReadAction\",\"target\":[\"https:\/\/davidbesnard.fr\/site\/produit\/un-vol-aux-cotes-dun-geant-les-grandes-jorasses\/\"]}]},{\"@type\":\"ImageObject\",\"inLanguage\":\"fr-FR\",\"@id\":\"https:\/\/davidbesnard.fr\/site\/produit\/un-vol-aux-cotes-dun-geant-les-grandes-jorasses\/#primaryimage\",\"url\":\"https:\/\/i0.wp.com\/davidbesnard.fr\/site\/wp-content\/uploads\/2020\/11\/jorasses-paper.jpg?fit=1300%2C867&ssl=1\",\"contentUrl\":\"https:\/\/i0.wp.com\/davidbesnard.fr\/site\/wp-content\/uploads\/2020\/11\/jorasses-paper.jpg?fit=1300%2C867&ssl=1\",\"width\":1300,\"height\":867,\"caption\":\"jorassespaper\"},{\"@type\":\"BreadcrumbList\",\"@id\":\"https:\/\/davidbesnard.fr\/site\/produit\/un-vol-aux-cotes-dun-geant-les-grandes-jorasses\/#breadcrumb\",\"itemListElement\":[{\"@type\":\"ListItem\",\"position\":1,\"name\":\"Accueil\",\"item\":\"https:\/\/davidbesnard.fr\/site\/\"},{\"@type\":\"ListItem\",\"position\":2,\"name\":\"Un vol aux c\u00f4t\u00e9s d&rsquo;un g\u00e9ant, les Grandes Jorasses\"}]},{\"@type\":\"WebSite\",\"@id\":\"https:\/\/davidbesnard.fr\/site\/#website\",\"url\":\"https:\/\/davidbesnard.fr\/site\/\",\"name\":\"David Besnard\",\"description\":\"Photographe de montagne\",\"publisher\":{\"@id\":\"https:\/\/davidbesnard.fr\/site\/#organization\"},\"potentialAction\":[{\"@type\":\"SearchAction\",\"target\":{\"@type\":\"EntryPoint\",\"urlTemplate\":\"https:\/\/davidbesnard.fr\/site\/?s={search_term_string}\"},\"query-input\":{\"@type\":\"PropertyValueSpecification\",\"valueRequired\":true,\"valueName\":\"search_term_string\"}}],\"inLanguage\":\"fr-FR\"},{\"@type\":\"Organization\",\"@id\":\"https:\/\/davidbesnard.fr\/site\/#organization\",\"name\":\"Besnard David\",\"url\":\"https:\/\/davidbesnard.fr\/site\/\",\"logo\":{\"@type\":\"ImageObject\",\"inLanguage\":\"fr-FR\",\"@id\":\"https:\/\/davidbesnard.fr\/site\/#\/schema\/logo\/image\/\",\"url\":\"https:\/\/davidbesnard.fr\/site\/wp-content\/uploads\/2018\/09\/logo.png\",\"contentUrl\":\"https:\/\/davidbesnard.fr\/site\/wp-content\/uploads\/2018\/09\/logo.png\",\"width\":703,\"height\":528,\"caption\":\"Besnard David\"},\"image\":{\"@id\":\"https:\/\/davidbesnard.fr\/site\/#\/schema\/logo\/image\/\"},\"sameAs\":[\"https:\/\/www.instagram.com\/davidmontagne\/\"]}]}<\/script>\n<!-- \/ Yoast SEO Premium plugin. -->","yoast_head_json":{"title":"Un vol aux c\u00f4t\u00e9s d'un g\u00e9ant, les Grandes Jorasses - David Besnard","robots":{"index":"index","follow":"follow","max-snippet":"max-snippet:-1","max-image-preview":"max-image-preview:large","max-video-preview":"max-video-preview:-1"},"canonical":"https:\/\/davidbesnard.fr\/site\/produit\/un-vol-aux-cotes-dun-geant-les-grandes-jorasses\/","og_locale":"fr_FR","og_type":"article","og_title":"Un vol aux c\u00f4t\u00e9s d'un g\u00e9ant, les Grandes Jorasses","og_url":"https:\/\/davidbesnard.fr\/site\/produit\/un-vol-aux-cotes-dun-geant-les-grandes-jorasses\/","og_site_name":"David Besnard","article_modified_time":"2025-05-08T19:07:51+00:00","og_image":[{"width":1300,"height":867,"url":"https:\/\/davidbesnard.fr\/site\/wp-content\/uploads\/2020\/11\/jorasses-paper.jpg","type":"image\/jpeg"}],"twitter_card":"summary_large_image","twitter_misc":{"Dur\u00e9e de lecture estim\u00e9e":"1 minute"},"schema":{"@context":"https:\/\/schema.org","@graph":[{"@type":"WebPage","@id":"https:\/\/davidbesnard.fr\/site\/produit\/un-vol-aux-cotes-dun-geant-les-grandes-jorasses\/","url":"https:\/\/davidbesnard.fr\/site\/produit\/un-vol-aux-cotes-dun-geant-les-grandes-jorasses\/","name":"Un vol aux c\u00f4t\u00e9s d'un g\u00e9ant, les Grandes Jorasses - David Besnard","isPartOf":{"@id":"https:\/\/davidbesnard.fr\/site\/#website"},"primaryImageOfPage":{"@id":"https:\/\/davidbesnard.fr\/site\/produit\/un-vol-aux-cotes-dun-geant-les-grandes-jorasses\/#primaryimage"},"image":{"@id":"https:\/\/davidbesnard.fr\/site\/produit\/un-vol-aux-cotes-dun-geant-les-grandes-jorasses\/#primaryimage"},"thumbnailUrl":"https:\/\/i0.wp.com\/davidbesnard.fr\/site\/wp-content\/uploads\/2020\/11\/jorasses-paper.jpg?fit=1300%2C867&ssl=1","datePublished":"2020-10-04T17:26:55+00:00","dateModified":"2025-05-08T19:07:51+00:00","breadcrumb":{"@id":"https:\/\/davidbesnard.fr\/site\/produit\/un-vol-aux-cotes-dun-geant-les-grandes-jorasses\/#breadcrumb"},"inLanguage":"fr-FR","potentialAction":[{"@type":"ReadAction","target":["https:\/\/davidbesnard.fr\/site\/produit\/un-vol-aux-cotes-dun-geant-les-grandes-jorasses\/"]}]},{"@type":"ImageObject","inLanguage":"fr-FR","@id":"https:\/\/davidbesnard.fr\/site\/produit\/un-vol-aux-cotes-dun-geant-les-grandes-jorasses\/#primaryimage","url":"https:\/\/i0.wp.com\/davidbesnard.fr\/site\/wp-content\/uploads\/2020\/11\/jorasses-paper.jpg?fit=1300%2C867&ssl=1","contentUrl":"https:\/\/i0.wp.com\/davidbesnard.fr\/site\/wp-content\/uploads\/2020\/11\/jorasses-paper.jpg?fit=1300%2C867&ssl=1","width":1300,"height":867,"caption":"jorassespaper"},{"@type":"BreadcrumbList","@id":"https:\/\/davidbesnard.fr\/site\/produit\/un-vol-aux-cotes-dun-geant-les-grandes-jorasses\/#breadcrumb","itemListElement":[{"@type":"ListItem","position":1,"name":"Accueil","item":"https:\/\/davidbesnard.fr\/site\/"},{"@type":"ListItem","position":2,"name":"Un vol aux c\u00f4t\u00e9s d&rsquo;un g\u00e9ant, les Grandes Jorasses"}]},{"@type":"WebSite","@id":"https:\/\/davidbesnard.fr\/site\/#website","url":"https:\/\/davidbesnard.fr\/site\/","name":"David Besnard","description":"Photographe de montagne","publisher":{"@id":"https:\/\/davidbesnard.fr\/site\/#organization"},"potentialAction":[{"@type":"SearchAction","target":{"@type":"EntryPoint","urlTemplate":"https:\/\/davidbesnard.fr\/site\/?s={search_term_string}"},"query-input":{"@type":"PropertyValueSpecification","valueRequired":true,"valueName":"search_term_string"}}],"inLanguage":"fr-FR"},{"@type":"Organization","@id":"https:\/\/davidbesnard.fr\/site\/#organization","name":"Besnard David","url":"https:\/\/davidbesnard.fr\/site\/","logo":{"@type":"ImageObject","inLanguage":"fr-FR","@id":"https:\/\/davidbesnard.fr\/site\/#\/schema\/logo\/image\/","url":"https:\/\/davidbesnard.fr\/site\/wp-content\/uploads\/2018\/09\/logo.png","contentUrl":"https:\/\/davidbesnard.fr\/site\/wp-content\/uploads\/2018\/09\/logo.png","width":703,"height":528,"caption":"Besnard David"},"image":{"@id":"https:\/\/davidbesnard.fr\/site\/#\/schema\/logo\/image\/"},"sameAs":["https:\/\/www.instagram.com\/davidmontagne\/"]}]}},"jetpack_sharing_enabled":true,"_links":{"self":[{"href":"https:\/\/davidbesnard.fr\/site\/wp-json\/wp\/v2\/product\/552","targetHints":{"allow":["GET"]}}],"collection":[{"href":"https:\/\/davidbesnard.fr\/site\/wp-json\/wp\/v2\/product"}],"about":[{"href":"https:\/\/davidbesnard.fr\/site\/wp-json\/wp\/v2\/types\/product"}],"replies":[{"embeddable":true,"href":"https:\/\/davidbesnard.fr\/site\/wp-json\/wp\/v2\/comments?post=552"}],"wp:featuredmedia":[{"embeddable":true,"href":"https:\/\/davidbesnard.fr\/site\/wp-json\/wp\/v2\/media\/1023"}],"wp:attachment":[{"href":"https:\/\/davidbesnard.fr\/site\/wp-json\/wp\/v2\/media?parent=552"}],"wp:term":[{"taxonomy":"product_brand","embeddable":true,"href":"https:\/\/davidbesnard.fr\/site\/wp-json\/wp\/v2\/product_brand?post=552"},{"taxonomy":"product_cat","embeddable":true,"href":"https:\/\/davidbesnard.fr\/site\/wp-json\/wp\/v2\/product_cat?post=552"},{"taxonomy":"product_tag","embeddable":true,"href":"https:\/\/davidbesnard.fr\/site\/wp-json\/wp\/v2\/product_tag?post=552"}],"curies":[{"name":"wp","href":"https:\/\/api.w.org\/{rel}","templated":true}]}}