{"id":1912,"date":"2025-09-23T13:33:15","date_gmt":"2025-09-23T11:33:15","guid":{"rendered":"https:\/\/davidbesnard.fr\/site\/?post_type=product&#038;p=1912"},"modified":"2026-01-07T13:34:34","modified_gmt":"2026-01-07T12:34:34","slug":"ligne-nocturne-a-la-dent-du-geant","status":"publish","type":"product","link":"https:\/\/davidbesnard.fr\/site\/produit\/ligne-nocturne-a-la-dent-du-geant\/","title":{"rendered":"Ligne nocturne \u00e0 la Dent du G\u00e9ant"},"content":{"rendered":"<p><img data-recalc-dims=\"1\" loading=\"lazy\" decoding=\"async\" class=\"aligncenter size-large wp-image-1913\" src=\"https:\/\/i0.wp.com\/davidbesnard.fr\/site\/wp-content\/uploads\/2025\/09\/dent-du-geant-1.jpg?resize=975%2C667&#038;ssl=1\" alt=\"\" width=\"975\" height=\"667\" srcset=\"https:\/\/i0.wp.com\/davidbesnard.fr\/site\/wp-content\/uploads\/2025\/09\/dent-du-geant-1.jpg?resize=1024%2C701&amp;ssl=1 1024w, https:\/\/i0.wp.com\/davidbesnard.fr\/site\/wp-content\/uploads\/2025\/09\/dent-du-geant-1.jpg?resize=300%2C205&amp;ssl=1 300w, https:\/\/i0.wp.com\/davidbesnard.fr\/site\/wp-content\/uploads\/2025\/09\/dent-du-geant-1.jpg?resize=768%2C526&amp;ssl=1 768w, https:\/\/i0.wp.com\/davidbesnard.fr\/site\/wp-content\/uploads\/2025\/09\/dent-du-geant-1.jpg?resize=1536%2C1051&amp;ssl=1 1536w, https:\/\/i0.wp.com\/davidbesnard.fr\/site\/wp-content\/uploads\/2025\/09\/dent-du-geant-1.jpg?resize=600%2C411&amp;ssl=1 600w, https:\/\/i0.wp.com\/davidbesnard.fr\/site\/wp-content\/uploads\/2025\/09\/dent-du-geant-1.jpg?resize=88%2C60&amp;ssl=1 88w, https:\/\/i0.wp.com\/davidbesnard.fr\/site\/wp-content\/uploads\/2025\/09\/dent-du-geant-1.jpg?resize=131%2C90&amp;ssl=1 131w, https:\/\/i0.wp.com\/davidbesnard.fr\/site\/wp-content\/uploads\/2025\/09\/dent-du-geant-1.jpg?w=2000&amp;ssl=1 2000w, https:\/\/i0.wp.com\/davidbesnard.fr\/site\/wp-content\/uploads\/2025\/09\/dent-du-geant-1.jpg?w=1950&amp;ssl=1 1950w\" sizes=\"auto, (max-width: 975px) 100vw, 975px\" \/><\/p>\n<p>&nbsp;<\/p>\n<p>Cette photo sera imprim\u00e9e en \u00e9dition limit\u00e9e, en s\u00e9rie de 15 exemplaires num\u00e9rot\u00e9s. La s\u00e9rie num\u00e9rot\u00e9e est exclusivement r\u00e9serv\u00e9e aux oeuvres des formats 150x100cm \/ 120x80cm \/ 105x70cm.<\/p>\n<p>Nous souhaitons gr\u00e2ce aux ventes de ces \u0153uvres, venir en aide aux enfants pupilles de nos Sapeurs-Pompiers de France.<\/p>\n<p>Ainsi, nous soutiendrons financi\u00e8rement, \u00e0 chaque \u0153uvre, l\u2019 \u0152uvre des Pupilles Orphelins et Fonds d\u2019Entraide des Sapeurs-Pompiers de France.<\/p>\n<blockquote class=\"wp-embedded-content\" data-secret=\"i4bOrknYzp\"><p><a href=\"https:\/\/www.pompiers.fr\/oeuvre-des-pupilles\/\">Oeuvre des Pupilles &#8211; Accueil<\/a><\/p><\/blockquote>\n<p><iframe loading=\"lazy\" class=\"wp-embedded-content\" sandbox=\"allow-scripts\" security=\"restricted\" style=\"position: absolute; visibility: hidden;\" title=\"\u00ab\u00a0Oeuvre des Pupilles &#8211; Accueil\u00a0\u00bb &#8212; Pompiers\" src=\"https:\/\/www.pompiers.fr\/oeuvre-des-pupilles\/embed\/#?secret=GZ8P5fDS05#?secret=i4bOrknYzp\" data-secret=\"i4bOrknYzp\" width=\"600\" height=\"338\" frameborder=\"0\" marginwidth=\"0\" marginheight=\"0\" scrolling=\"no\"><\/iframe><\/p>\n","protected":false},"excerpt":{"rendered":"<p>&nbsp; Cette photo sera imprim\u00e9e en \u00e9dition limit\u00e9e, en s\u00e9rie de 15 exemplaires num\u00e9rot\u00e9s. La s\u00e9rie num\u00e9rot\u00e9e est exclusivement r\u00e9serv\u00e9e aux oeuvres des formats 150x100cm&hellip;<\/p>\n","protected":false},"featured_media":1910,"comment_status":"open","ping_status":"closed","template":"","meta":[],"product_brand":[],"product_cat":[174],"product_tag":[],"class_list":{"0":"post-1912","1":"product","2":"type-product","3":"status-publish","4":"has-post-thumbnail","6":"product_cat-oeuvres","7":"post-grid","9":"first","10":"instock","11":"taxable","12":"shipping-taxable","13":"purchasable","14":"product-type-variable"},"yoast_head":"<!-- This site is optimized with the Yoast SEO Premium plugin v24.9 (Yoast SEO v26.2) - https:\/\/yoast.com\/wordpress\/plugins\/seo\/ -->\n<title>David Besnard - Ligne nocturne \u00e0 la Dent du G\u00e9ant<\/title>\n<meta name=\"robots\" content=\"index, follow, max-snippet:-1, max-image-preview:large, max-video-preview:-1\" \/>\n<link rel=\"canonical\" href=\"https:\/\/davidbesnard.fr\/site\/produit\/ligne-nocturne-a-la-dent-du-geant\/\" \/>\n<meta property=\"og:locale\" content=\"fr_FR\" \/>\n<meta property=\"og:type\" content=\"article\" \/>\n<meta property=\"og:title\" content=\"Ligne nocturne \u00e0 la Dent du G\u00e9ant\" \/>\n<meta property=\"og:description\" content=\"&nbsp; Cette photo sera imprim\u00e9e en \u00e9dition limit\u00e9e, en s\u00e9rie de 15 exemplaires num\u00e9rot\u00e9s. La s\u00e9rie num\u00e9rot\u00e9e est exclusivement r\u00e9serv\u00e9e aux oeuvres des formats 150x100cm&hellip;\" \/>\n<meta property=\"og:url\" content=\"https:\/\/davidbesnard.fr\/site\/produit\/ligne-nocturne-a-la-dent-du-geant\/\" \/>\n<meta property=\"og:site_name\" content=\"David Besnard\" \/>\n<meta property=\"article:modified_time\" content=\"2026-01-07T12:34:34+00:00\" \/>\n<meta property=\"og:image\" content=\"https:\/\/davidbesnard.fr\/site\/wp-content\/uploads\/2025\/09\/dent-du-geant.jpg\" \/>\n\t<meta property=\"og:image:width\" content=\"1333\" \/>\n\t<meta property=\"og:image:height\" content=\"2000\" \/>\n\t<meta property=\"og:image:type\" content=\"image\/jpeg\" \/>\n<meta name=\"twitter:card\" content=\"summary_large_image\" \/>\n<meta name=\"twitter:label1\" content=\"Dur\u00e9e de lecture estim\u00e9e\" \/>\n\t<meta name=\"twitter:data1\" content=\"1 minute\" \/>\n<script type=\"application\/ld+json\" class=\"yoast-schema-graph\">{\"@context\":\"https:\/\/schema.org\",\"@graph\":[{\"@type\":\"WebPage\",\"@id\":\"https:\/\/davidbesnard.fr\/site\/produit\/ligne-nocturne-a-la-dent-du-geant\/\",\"url\":\"https:\/\/davidbesnard.fr\/site\/produit\/ligne-nocturne-a-la-dent-du-geant\/\",\"name\":\"David Besnard - Ligne nocturne \u00e0 la Dent du G\u00e9ant\",\"isPartOf\":{\"@id\":\"https:\/\/davidbesnard.fr\/site\/#website\"},\"primaryImageOfPage\":{\"@id\":\"https:\/\/davidbesnard.fr\/site\/produit\/ligne-nocturne-a-la-dent-du-geant\/#primaryimage\"},\"image\":{\"@id\":\"https:\/\/davidbesnard.fr\/site\/produit\/ligne-nocturne-a-la-dent-du-geant\/#primaryimage\"},\"thumbnailUrl\":\"https:\/\/i0.wp.com\/davidbesnard.fr\/site\/wp-content\/uploads\/2025\/09\/dent-du-geant.jpg?fit=1333%2C2000&ssl=1\",\"datePublished\":\"2025-09-23T11:33:15+00:00\",\"dateModified\":\"2026-01-07T12:34:34+00:00\",\"breadcrumb\":{\"@id\":\"https:\/\/davidbesnard.fr\/site\/produit\/ligne-nocturne-a-la-dent-du-geant\/#breadcrumb\"},\"inLanguage\":\"fr-FR\",\"potentialAction\":[{\"@type\":\"ReadAction\",\"target\":[\"https:\/\/davidbesnard.fr\/site\/produit\/ligne-nocturne-a-la-dent-du-geant\/\"]}]},{\"@type\":\"ImageObject\",\"inLanguage\":\"fr-FR\",\"@id\":\"https:\/\/davidbesnard.fr\/site\/produit\/ligne-nocturne-a-la-dent-du-geant\/#primaryimage\",\"url\":\"https:\/\/i0.wp.com\/davidbesnard.fr\/site\/wp-content\/uploads\/2025\/09\/dent-du-geant.jpg?fit=1333%2C2000&ssl=1\",\"contentUrl\":\"https:\/\/i0.wp.com\/davidbesnard.fr\/site\/wp-content\/uploads\/2025\/09\/dent-du-geant.jpg?fit=1333%2C2000&ssl=1\",\"width\":1333,\"height\":2000},{\"@type\":\"BreadcrumbList\",\"@id\":\"https:\/\/davidbesnard.fr\/site\/produit\/ligne-nocturne-a-la-dent-du-geant\/#breadcrumb\",\"itemListElement\":[{\"@type\":\"ListItem\",\"position\":1,\"name\":\"Accueil\",\"item\":\"https:\/\/davidbesnard.fr\/site\/\"},{\"@type\":\"ListItem\",\"position\":2,\"name\":\"Ligne nocturne \u00e0 la Dent du G\u00e9ant\"}]},{\"@type\":\"WebSite\",\"@id\":\"https:\/\/davidbesnard.fr\/site\/#website\",\"url\":\"https:\/\/davidbesnard.fr\/site\/\",\"name\":\"David Besnard\",\"description\":\"Photographe de montagne\",\"publisher\":{\"@id\":\"https:\/\/davidbesnard.fr\/site\/#organization\"},\"potentialAction\":[{\"@type\":\"SearchAction\",\"target\":{\"@type\":\"EntryPoint\",\"urlTemplate\":\"https:\/\/davidbesnard.fr\/site\/?s={search_term_string}\"},\"query-input\":{\"@type\":\"PropertyValueSpecification\",\"valueRequired\":true,\"valueName\":\"search_term_string\"}}],\"inLanguage\":\"fr-FR\"},{\"@type\":\"Organization\",\"@id\":\"https:\/\/davidbesnard.fr\/site\/#organization\",\"name\":\"Besnard David\",\"url\":\"https:\/\/davidbesnard.fr\/site\/\",\"logo\":{\"@type\":\"ImageObject\",\"inLanguage\":\"fr-FR\",\"@id\":\"https:\/\/davidbesnard.fr\/site\/#\/schema\/logo\/image\/\",\"url\":\"https:\/\/davidbesnard.fr\/site\/wp-content\/uploads\/2018\/09\/logo.png\",\"contentUrl\":\"https:\/\/davidbesnard.fr\/site\/wp-content\/uploads\/2018\/09\/logo.png\",\"width\":703,\"height\":528,\"caption\":\"Besnard David\"},\"image\":{\"@id\":\"https:\/\/davidbesnard.fr\/site\/#\/schema\/logo\/image\/\"},\"sameAs\":[\"https:\/\/www.instagram.com\/davidmontagne\/\"]}]}<\/script>\n<!-- \/ Yoast SEO Premium plugin. -->","yoast_head_json":{"title":"David Besnard - Ligne nocturne \u00e0 la Dent du G\u00e9ant","robots":{"index":"index","follow":"follow","max-snippet":"max-snippet:-1","max-image-preview":"max-image-preview:large","max-video-preview":"max-video-preview:-1"},"canonical":"https:\/\/davidbesnard.fr\/site\/produit\/ligne-nocturne-a-la-dent-du-geant\/","og_locale":"fr_FR","og_type":"article","og_title":"Ligne nocturne \u00e0 la Dent du G\u00e9ant","og_description":"&nbsp; Cette photo sera imprim\u00e9e en \u00e9dition limit\u00e9e, en s\u00e9rie de 15 exemplaires num\u00e9rot\u00e9s. La s\u00e9rie num\u00e9rot\u00e9e est exclusivement r\u00e9serv\u00e9e aux oeuvres des formats 150x100cm&hellip;","og_url":"https:\/\/davidbesnard.fr\/site\/produit\/ligne-nocturne-a-la-dent-du-geant\/","og_site_name":"David Besnard","article_modified_time":"2026-01-07T12:34:34+00:00","og_image":[{"width":1333,"height":2000,"url":"https:\/\/davidbesnard.fr\/site\/wp-content\/uploads\/2025\/09\/dent-du-geant.jpg","type":"image\/jpeg"}],"twitter_card":"summary_large_image","twitter_misc":{"Dur\u00e9e de lecture estim\u00e9e":"1 minute"},"schema":{"@context":"https:\/\/schema.org","@graph":[{"@type":"WebPage","@id":"https:\/\/davidbesnard.fr\/site\/produit\/ligne-nocturne-a-la-dent-du-geant\/","url":"https:\/\/davidbesnard.fr\/site\/produit\/ligne-nocturne-a-la-dent-du-geant\/","name":"David Besnard - Ligne nocturne \u00e0 la Dent du G\u00e9ant","isPartOf":{"@id":"https:\/\/davidbesnard.fr\/site\/#website"},"primaryImageOfPage":{"@id":"https:\/\/davidbesnard.fr\/site\/produit\/ligne-nocturne-a-la-dent-du-geant\/#primaryimage"},"image":{"@id":"https:\/\/davidbesnard.fr\/site\/produit\/ligne-nocturne-a-la-dent-du-geant\/#primaryimage"},"thumbnailUrl":"https:\/\/i0.wp.com\/davidbesnard.fr\/site\/wp-content\/uploads\/2025\/09\/dent-du-geant.jpg?fit=1333%2C2000&ssl=1","datePublished":"2025-09-23T11:33:15+00:00","dateModified":"2026-01-07T12:34:34+00:00","breadcrumb":{"@id":"https:\/\/davidbesnard.fr\/site\/produit\/ligne-nocturne-a-la-dent-du-geant\/#breadcrumb"},"inLanguage":"fr-FR","potentialAction":[{"@type":"ReadAction","target":["https:\/\/davidbesnard.fr\/site\/produit\/ligne-nocturne-a-la-dent-du-geant\/"]}]},{"@type":"ImageObject","inLanguage":"fr-FR","@id":"https:\/\/davidbesnard.fr\/site\/produit\/ligne-nocturne-a-la-dent-du-geant\/#primaryimage","url":"https:\/\/i0.wp.com\/davidbesnard.fr\/site\/wp-content\/uploads\/2025\/09\/dent-du-geant.jpg?fit=1333%2C2000&ssl=1","contentUrl":"https:\/\/i0.wp.com\/davidbesnard.fr\/site\/wp-content\/uploads\/2025\/09\/dent-du-geant.jpg?fit=1333%2C2000&ssl=1","width":1333,"height":2000},{"@type":"BreadcrumbList","@id":"https:\/\/davidbesnard.fr\/site\/produit\/ligne-nocturne-a-la-dent-du-geant\/#breadcrumb","itemListElement":[{"@type":"ListItem","position":1,"name":"Accueil","item":"https:\/\/davidbesnard.fr\/site\/"},{"@type":"ListItem","position":2,"name":"Ligne nocturne \u00e0 la Dent du G\u00e9ant"}]},{"@type":"WebSite","@id":"https:\/\/davidbesnard.fr\/site\/#website","url":"https:\/\/davidbesnard.fr\/site\/","name":"David Besnard","description":"Photographe de montagne","publisher":{"@id":"https:\/\/davidbesnard.fr\/site\/#organization"},"potentialAction":[{"@type":"SearchAction","target":{"@type":"EntryPoint","urlTemplate":"https:\/\/davidbesnard.fr\/site\/?s={search_term_string}"},"query-input":{"@type":"PropertyValueSpecification","valueRequired":true,"valueName":"search_term_string"}}],"inLanguage":"fr-FR"},{"@type":"Organization","@id":"https:\/\/davidbesnard.fr\/site\/#organization","name":"Besnard David","url":"https:\/\/davidbesnard.fr\/site\/","logo":{"@type":"ImageObject","inLanguage":"fr-FR","@id":"https:\/\/davidbesnard.fr\/site\/#\/schema\/logo\/image\/","url":"https:\/\/davidbesnard.fr\/site\/wp-content\/uploads\/2018\/09\/logo.png","contentUrl":"https:\/\/davidbesnard.fr\/site\/wp-content\/uploads\/2018\/09\/logo.png","width":703,"height":528,"caption":"Besnard David"},"image":{"@id":"https:\/\/davidbesnard.fr\/site\/#\/schema\/logo\/image\/"},"sameAs":["https:\/\/www.instagram.com\/davidmontagne\/"]}]}},"jetpack_sharing_enabled":true,"_links":{"self":[{"href":"https:\/\/davidbesnard.fr\/site\/wp-json\/wp\/v2\/product\/1912","targetHints":{"allow":["GET"]}}],"collection":[{"href":"https:\/\/davidbesnard.fr\/site\/wp-json\/wp\/v2\/product"}],"about":[{"href":"https:\/\/davidbesnard.fr\/site\/wp-json\/wp\/v2\/types\/product"}],"replies":[{"embeddable":true,"href":"https:\/\/davidbesnard.fr\/site\/wp-json\/wp\/v2\/comments?post=1912"}],"wp:featuredmedia":[{"embeddable":true,"href":"https:\/\/davidbesnard.fr\/site\/wp-json\/wp\/v2\/media\/1910"}],"wp:attachment":[{"href":"https:\/\/davidbesnard.fr\/site\/wp-json\/wp\/v2\/media?parent=1912"}],"wp:term":[{"taxonomy":"product_brand","embeddable":true,"href":"https:\/\/davidbesnard.fr\/site\/wp-json\/wp\/v2\/product_brand?post=1912"},{"taxonomy":"product_cat","embeddable":true,"href":"https:\/\/davidbesnard.fr\/site\/wp-json\/wp\/v2\/product_cat?post=1912"},{"taxonomy":"product_tag","embeddable":true,"href":"https:\/\/davidbesnard.fr\/site\/wp-json\/wp\/v2\/product_tag?post=1912"}],"curies":[{"name":"wp","href":"https:\/\/api.w.org\/{rel}","templated":true}]}}