{"id":1729,"date":"2024-03-28T20:53:12","date_gmt":"2024-03-28T19:53:12","guid":{"rendered":"https:\/\/davidbesnard.fr\/site\/?post_type=product&#038;p=1729"},"modified":"2025-04-30T20:18:24","modified_gmt":"2025-04-30T18:18:24","slug":"derniere-lueur-un-soir-dhiver-sur-la-verte-et-les-drus","status":"publish","type":"product","link":"https:\/\/davidbesnard.fr\/site\/produit\/derniere-lueur-un-soir-dhiver-sur-la-verte-et-les-drus\/","title":{"rendered":"Derni\u00e8re lueur, un soir d&rsquo;hiver, sur la Verte et les Drus"},"content":{"rendered":"<p><img data-recalc-dims=\"1\" loading=\"lazy\" decoding=\"async\" class=\"aligncenter size-large wp-image-1731\" src=\"https:\/\/i0.wp.com\/davidbesnard.fr\/site\/wp-content\/uploads\/2024\/03\/lesdrus.jpg?resize=975%2C667&#038;ssl=1\" alt=\"\" width=\"975\" height=\"667\" srcset=\"https:\/\/i0.wp.com\/davidbesnard.fr\/site\/wp-content\/uploads\/2024\/03\/lesdrus.jpg?resize=1024%2C701&amp;ssl=1 1024w, https:\/\/i0.wp.com\/davidbesnard.fr\/site\/wp-content\/uploads\/2024\/03\/lesdrus.jpg?resize=300%2C205&amp;ssl=1 300w, https:\/\/i0.wp.com\/davidbesnard.fr\/site\/wp-content\/uploads\/2024\/03\/lesdrus.jpg?resize=768%2C525&amp;ssl=1 768w, https:\/\/i0.wp.com\/davidbesnard.fr\/site\/wp-content\/uploads\/2024\/03\/lesdrus.jpg?resize=600%2C411&amp;ssl=1 600w, https:\/\/i0.wp.com\/davidbesnard.fr\/site\/wp-content\/uploads\/2024\/03\/lesdrus.jpg?w=1200&amp;ssl=1 1200w\" sizes=\"auto, (max-width: 975px) 100vw, 975px\" \/><\/p>\n","protected":false},"excerpt":{"rendered":"","protected":false},"featured_media":1730,"comment_status":"open","ping_status":"closed","template":"","meta":[],"product_brand":[],"product_cat":[174],"product_tag":[160,198,197],"class_list":{"0":"post-1729","1":"product","2":"type-product","3":"status-publish","4":"has-post-thumbnail","6":"product_cat-oeuvres","7":"product_tag-chamonix","8":"product_tag-la-verte","9":"product_tag-les-drus","10":"post-grid","12":"first","13":"instock","14":"taxable","15":"shipping-taxable","16":"purchasable","17":"product-type-variable"},"yoast_head":"<!-- This site is optimized with the Yoast SEO Premium plugin v24.9 (Yoast SEO v26.2) - https:\/\/yoast.com\/wordpress\/plugins\/seo\/ -->\n<title>David Besnard - Derni\u00e8re lueur, un soir d&#039;hiver, sur la Verte et les Drus<\/title>\n<meta name=\"description\" content=\"Impression photo en \u00e9dition limit\u00e9e et num\u00e9rot\u00e9e, sur papier d&#039;art. Chaque \u0153uvre est sign\u00e9e et imprim\u00e9e en Haute Savoie aupr\u00e8s de mon imprimeur.\" \/>\n<meta name=\"robots\" content=\"index, follow, max-snippet:-1, max-image-preview:large, max-video-preview:-1\" \/>\n<link rel=\"canonical\" href=\"https:\/\/davidbesnard.fr\/site\/produit\/derniere-lueur-un-soir-dhiver-sur-la-verte-et-les-drus\/\" \/>\n<meta property=\"og:locale\" content=\"fr_FR\" \/>\n<meta property=\"og:type\" content=\"article\" \/>\n<meta property=\"og:title\" content=\"Derni\u00e8re lueur, un soir d&#039;hiver, sur la Verte et les Drus\" \/>\n<meta property=\"og:description\" content=\"Impression photo en \u00e9dition limit\u00e9e et num\u00e9rot\u00e9e, sur papier d&#039;art. Chaque \u0153uvre est sign\u00e9e et imprim\u00e9e en Haute Savoie aupr\u00e8s de mon imprimeur.\" \/>\n<meta property=\"og:url\" content=\"https:\/\/davidbesnard.fr\/site\/produit\/derniere-lueur-un-soir-dhiver-sur-la-verte-et-les-drus\/\" \/>\n<meta property=\"og:site_name\" content=\"David Besnard\" \/>\n<meta property=\"article:modified_time\" content=\"2025-04-30T18:18:24+00:00\" \/>\n<meta property=\"og:image\" content=\"https:\/\/davidbesnard.fr\/site\/wp-content\/uploads\/2024\/03\/drus.jpg\" \/>\n\t<meta property=\"og:image:width\" content=\"1200\" \/>\n\t<meta property=\"og:image:height\" content=\"800\" \/>\n\t<meta property=\"og:image:type\" content=\"image\/jpeg\" \/>\n<meta name=\"twitter:card\" content=\"summary_large_image\" \/>\n<meta name=\"twitter:label1\" content=\"Dur\u00e9e de lecture estim\u00e9e\" \/>\n\t<meta name=\"twitter:data1\" content=\"1 minute\" \/>\n<script type=\"application\/ld+json\" class=\"yoast-schema-graph\">{\"@context\":\"https:\/\/schema.org\",\"@graph\":[{\"@type\":\"WebPage\",\"@id\":\"https:\/\/davidbesnard.fr\/site\/produit\/derniere-lueur-un-soir-dhiver-sur-la-verte-et-les-drus\/\",\"url\":\"https:\/\/davidbesnard.fr\/site\/produit\/derniere-lueur-un-soir-dhiver-sur-la-verte-et-les-drus\/\",\"name\":\"David Besnard - Derni\u00e8re lueur, un soir d'hiver, sur la Verte et les Drus\",\"isPartOf\":{\"@id\":\"https:\/\/davidbesnard.fr\/site\/#website\"},\"primaryImageOfPage\":{\"@id\":\"https:\/\/davidbesnard.fr\/site\/produit\/derniere-lueur-un-soir-dhiver-sur-la-verte-et-les-drus\/#primaryimage\"},\"image\":{\"@id\":\"https:\/\/davidbesnard.fr\/site\/produit\/derniere-lueur-un-soir-dhiver-sur-la-verte-et-les-drus\/#primaryimage\"},\"thumbnailUrl\":\"https:\/\/i0.wp.com\/davidbesnard.fr\/site\/wp-content\/uploads\/2024\/03\/drus.jpg?fit=1200%2C800&ssl=1\",\"datePublished\":\"2024-03-28T19:53:12+00:00\",\"dateModified\":\"2025-04-30T18:18:24+00:00\",\"description\":\"Impression photo en \u00e9dition limit\u00e9e et num\u00e9rot\u00e9e, sur papier d'art. Chaque \u0153uvre est sign\u00e9e et imprim\u00e9e en Haute Savoie aupr\u00e8s de mon imprimeur.\",\"breadcrumb\":{\"@id\":\"https:\/\/davidbesnard.fr\/site\/produit\/derniere-lueur-un-soir-dhiver-sur-la-verte-et-les-drus\/#breadcrumb\"},\"inLanguage\":\"fr-FR\",\"potentialAction\":[{\"@type\":\"ReadAction\",\"target\":[\"https:\/\/davidbesnard.fr\/site\/produit\/derniere-lueur-un-soir-dhiver-sur-la-verte-et-les-drus\/\"]}]},{\"@type\":\"ImageObject\",\"inLanguage\":\"fr-FR\",\"@id\":\"https:\/\/davidbesnard.fr\/site\/produit\/derniere-lueur-un-soir-dhiver-sur-la-verte-et-les-drus\/#primaryimage\",\"url\":\"https:\/\/i0.wp.com\/davidbesnard.fr\/site\/wp-content\/uploads\/2024\/03\/drus.jpg?fit=1200%2C800&ssl=1\",\"contentUrl\":\"https:\/\/i0.wp.com\/davidbesnard.fr\/site\/wp-content\/uploads\/2024\/03\/drus.jpg?fit=1200%2C800&ssl=1\",\"width\":1200,\"height\":800,\"caption\":\"Coucher de soleil sur les drus, un soir d'hiver. Le soleil illumine le rocher, qui se dore de rose. Le rocher est froid, on ressent un froid glacial sur ce rocher. Les flammes de pierre sont blanches, le pilier bonatti \u00e9clair par le coucher de soleil au dessus de la mer de glace.\"},{\"@type\":\"BreadcrumbList\",\"@id\":\"https:\/\/davidbesnard.fr\/site\/produit\/derniere-lueur-un-soir-dhiver-sur-la-verte-et-les-drus\/#breadcrumb\",\"itemListElement\":[{\"@type\":\"ListItem\",\"position\":1,\"name\":\"Accueil\",\"item\":\"https:\/\/davidbesnard.fr\/site\/\"},{\"@type\":\"ListItem\",\"position\":2,\"name\":\"Derni\u00e8re lueur, un soir d&rsquo;hiver, sur la Verte et les Drus\"}]},{\"@type\":\"WebSite\",\"@id\":\"https:\/\/davidbesnard.fr\/site\/#website\",\"url\":\"https:\/\/davidbesnard.fr\/site\/\",\"name\":\"David Besnard\",\"description\":\"Photographe de montagne\",\"publisher\":{\"@id\":\"https:\/\/davidbesnard.fr\/site\/#organization\"},\"potentialAction\":[{\"@type\":\"SearchAction\",\"target\":{\"@type\":\"EntryPoint\",\"urlTemplate\":\"https:\/\/davidbesnard.fr\/site\/?s={search_term_string}\"},\"query-input\":{\"@type\":\"PropertyValueSpecification\",\"valueRequired\":true,\"valueName\":\"search_term_string\"}}],\"inLanguage\":\"fr-FR\"},{\"@type\":\"Organization\",\"@id\":\"https:\/\/davidbesnard.fr\/site\/#organization\",\"name\":\"Besnard David\",\"url\":\"https:\/\/davidbesnard.fr\/site\/\",\"logo\":{\"@type\":\"ImageObject\",\"inLanguage\":\"fr-FR\",\"@id\":\"https:\/\/davidbesnard.fr\/site\/#\/schema\/logo\/image\/\",\"url\":\"https:\/\/davidbesnard.fr\/site\/wp-content\/uploads\/2018\/09\/logo.png\",\"contentUrl\":\"https:\/\/davidbesnard.fr\/site\/wp-content\/uploads\/2018\/09\/logo.png\",\"width\":703,\"height\":528,\"caption\":\"Besnard David\"},\"image\":{\"@id\":\"https:\/\/davidbesnard.fr\/site\/#\/schema\/logo\/image\/\"},\"sameAs\":[\"https:\/\/www.instagram.com\/davidmontagne\/\"]}]}<\/script>\n<!-- \/ Yoast SEO Premium plugin. -->","yoast_head_json":{"title":"David Besnard - Derni\u00e8re lueur, un soir d'hiver, sur la Verte et les Drus","description":"Impression photo en \u00e9dition limit\u00e9e et num\u00e9rot\u00e9e, sur papier d'art. Chaque \u0153uvre est sign\u00e9e et imprim\u00e9e en Haute Savoie aupr\u00e8s de mon imprimeur.","robots":{"index":"index","follow":"follow","max-snippet":"max-snippet:-1","max-image-preview":"max-image-preview:large","max-video-preview":"max-video-preview:-1"},"canonical":"https:\/\/davidbesnard.fr\/site\/produit\/derniere-lueur-un-soir-dhiver-sur-la-verte-et-les-drus\/","og_locale":"fr_FR","og_type":"article","og_title":"Derni\u00e8re lueur, un soir d'hiver, sur la Verte et les Drus","og_description":"Impression photo en \u00e9dition limit\u00e9e et num\u00e9rot\u00e9e, sur papier d'art. Chaque \u0153uvre est sign\u00e9e et imprim\u00e9e en Haute Savoie aupr\u00e8s de mon imprimeur.","og_url":"https:\/\/davidbesnard.fr\/site\/produit\/derniere-lueur-un-soir-dhiver-sur-la-verte-et-les-drus\/","og_site_name":"David Besnard","article_modified_time":"2025-04-30T18:18:24+00:00","og_image":[{"width":1200,"height":800,"url":"https:\/\/davidbesnard.fr\/site\/wp-content\/uploads\/2024\/03\/drus.jpg","type":"image\/jpeg"}],"twitter_card":"summary_large_image","twitter_misc":{"Dur\u00e9e de lecture estim\u00e9e":"1 minute"},"schema":{"@context":"https:\/\/schema.org","@graph":[{"@type":"WebPage","@id":"https:\/\/davidbesnard.fr\/site\/produit\/derniere-lueur-un-soir-dhiver-sur-la-verte-et-les-drus\/","url":"https:\/\/davidbesnard.fr\/site\/produit\/derniere-lueur-un-soir-dhiver-sur-la-verte-et-les-drus\/","name":"David Besnard - Derni\u00e8re lueur, un soir d'hiver, sur la Verte et les Drus","isPartOf":{"@id":"https:\/\/davidbesnard.fr\/site\/#website"},"primaryImageOfPage":{"@id":"https:\/\/davidbesnard.fr\/site\/produit\/derniere-lueur-un-soir-dhiver-sur-la-verte-et-les-drus\/#primaryimage"},"image":{"@id":"https:\/\/davidbesnard.fr\/site\/produit\/derniere-lueur-un-soir-dhiver-sur-la-verte-et-les-drus\/#primaryimage"},"thumbnailUrl":"https:\/\/i0.wp.com\/davidbesnard.fr\/site\/wp-content\/uploads\/2024\/03\/drus.jpg?fit=1200%2C800&ssl=1","datePublished":"2024-03-28T19:53:12+00:00","dateModified":"2025-04-30T18:18:24+00:00","description":"Impression photo en \u00e9dition limit\u00e9e et num\u00e9rot\u00e9e, sur papier d'art. Chaque \u0153uvre est sign\u00e9e et imprim\u00e9e en Haute Savoie aupr\u00e8s de mon imprimeur.","breadcrumb":{"@id":"https:\/\/davidbesnard.fr\/site\/produit\/derniere-lueur-un-soir-dhiver-sur-la-verte-et-les-drus\/#breadcrumb"},"inLanguage":"fr-FR","potentialAction":[{"@type":"ReadAction","target":["https:\/\/davidbesnard.fr\/site\/produit\/derniere-lueur-un-soir-dhiver-sur-la-verte-et-les-drus\/"]}]},{"@type":"ImageObject","inLanguage":"fr-FR","@id":"https:\/\/davidbesnard.fr\/site\/produit\/derniere-lueur-un-soir-dhiver-sur-la-verte-et-les-drus\/#primaryimage","url":"https:\/\/i0.wp.com\/davidbesnard.fr\/site\/wp-content\/uploads\/2024\/03\/drus.jpg?fit=1200%2C800&ssl=1","contentUrl":"https:\/\/i0.wp.com\/davidbesnard.fr\/site\/wp-content\/uploads\/2024\/03\/drus.jpg?fit=1200%2C800&ssl=1","width":1200,"height":800,"caption":"Coucher de soleil sur les drus, un soir d'hiver. Le soleil illumine le rocher, qui se dore de rose. Le rocher est froid, on ressent un froid glacial sur ce rocher. Les flammes de pierre sont blanches, le pilier bonatti \u00e9clair par le coucher de soleil au dessus de la mer de glace."},{"@type":"BreadcrumbList","@id":"https:\/\/davidbesnard.fr\/site\/produit\/derniere-lueur-un-soir-dhiver-sur-la-verte-et-les-drus\/#breadcrumb","itemListElement":[{"@type":"ListItem","position":1,"name":"Accueil","item":"https:\/\/davidbesnard.fr\/site\/"},{"@type":"ListItem","position":2,"name":"Derni\u00e8re lueur, un soir d&rsquo;hiver, sur la Verte et les Drus"}]},{"@type":"WebSite","@id":"https:\/\/davidbesnard.fr\/site\/#website","url":"https:\/\/davidbesnard.fr\/site\/","name":"David Besnard","description":"Photographe de montagne","publisher":{"@id":"https:\/\/davidbesnard.fr\/site\/#organization"},"potentialAction":[{"@type":"SearchAction","target":{"@type":"EntryPoint","urlTemplate":"https:\/\/davidbesnard.fr\/site\/?s={search_term_string}"},"query-input":{"@type":"PropertyValueSpecification","valueRequired":true,"valueName":"search_term_string"}}],"inLanguage":"fr-FR"},{"@type":"Organization","@id":"https:\/\/davidbesnard.fr\/site\/#organization","name":"Besnard David","url":"https:\/\/davidbesnard.fr\/site\/","logo":{"@type":"ImageObject","inLanguage":"fr-FR","@id":"https:\/\/davidbesnard.fr\/site\/#\/schema\/logo\/image\/","url":"https:\/\/davidbesnard.fr\/site\/wp-content\/uploads\/2018\/09\/logo.png","contentUrl":"https:\/\/davidbesnard.fr\/site\/wp-content\/uploads\/2018\/09\/logo.png","width":703,"height":528,"caption":"Besnard David"},"image":{"@id":"https:\/\/davidbesnard.fr\/site\/#\/schema\/logo\/image\/"},"sameAs":["https:\/\/www.instagram.com\/davidmontagne\/"]}]}},"jetpack_sharing_enabled":true,"_links":{"self":[{"href":"https:\/\/davidbesnard.fr\/site\/wp-json\/wp\/v2\/product\/1729","targetHints":{"allow":["GET"]}}],"collection":[{"href":"https:\/\/davidbesnard.fr\/site\/wp-json\/wp\/v2\/product"}],"about":[{"href":"https:\/\/davidbesnard.fr\/site\/wp-json\/wp\/v2\/types\/product"}],"replies":[{"embeddable":true,"href":"https:\/\/davidbesnard.fr\/site\/wp-json\/wp\/v2\/comments?post=1729"}],"wp:featuredmedia":[{"embeddable":true,"href":"https:\/\/davidbesnard.fr\/site\/wp-json\/wp\/v2\/media\/1730"}],"wp:attachment":[{"href":"https:\/\/davidbesnard.fr\/site\/wp-json\/wp\/v2\/media?parent=1729"}],"wp:term":[{"taxonomy":"product_brand","embeddable":true,"href":"https:\/\/davidbesnard.fr\/site\/wp-json\/wp\/v2\/product_brand?post=1729"},{"taxonomy":"product_cat","embeddable":true,"href":"https:\/\/davidbesnard.fr\/site\/wp-json\/wp\/v2\/product_cat?post=1729"},{"taxonomy":"product_tag","embeddable":true,"href":"https:\/\/davidbesnard.fr\/site\/wp-json\/wp\/v2\/product_tag?post=1729"}],"curies":[{"name":"wp","href":"https:\/\/api.w.org\/{rel}","templated":true}]}}