{"id":1700,"date":"2023-05-01T18:18:39","date_gmt":"2023-05-01T16:18:39","guid":{"rendered":"https:\/\/davidbesnard.fr\/site\/?post_type=product&#038;p=1700"},"modified":"2024-10-15T19:34:32","modified_gmt":"2024-10-15T17:34:32","slug":"carte-postale-flammes-de-pierre","status":"publish","type":"product","link":"https:\/\/davidbesnard.fr\/site\/produit\/carte-postale-flammes-de-pierre\/","title":{"rendered":"Froid sur les flammes de pierre"},"content":{"rendered":"<p><img data-recalc-dims=\"1\" loading=\"lazy\" decoding=\"async\" class=\"aligncenter wp-image-1360 size-large\" src=\"https:\/\/i0.wp.com\/davidbesnard.fr\/site\/wp-content\/uploads\/2021\/12\/IMG_0294.jpg?resize=975%2C650&#038;ssl=1\" alt=\"\" width=\"975\" height=\"650\" srcset=\"https:\/\/i0.wp.com\/davidbesnard.fr\/site\/wp-content\/uploads\/2021\/12\/IMG_0294.jpg?resize=1024%2C683&amp;ssl=1 1024w, https:\/\/i0.wp.com\/davidbesnard.fr\/site\/wp-content\/uploads\/2021\/12\/IMG_0294.jpg?resize=300%2C200&amp;ssl=1 300w, https:\/\/i0.wp.com\/davidbesnard.fr\/site\/wp-content\/uploads\/2021\/12\/IMG_0294.jpg?resize=768%2C512&amp;ssl=1 768w, https:\/\/i0.wp.com\/davidbesnard.fr\/site\/wp-content\/uploads\/2021\/12\/IMG_0294.jpg?resize=1536%2C1024&amp;ssl=1 1536w, https:\/\/i0.wp.com\/davidbesnard.fr\/site\/wp-content\/uploads\/2021\/12\/IMG_0294.jpg?resize=600%2C400&amp;ssl=1 600w, https:\/\/i0.wp.com\/davidbesnard.fr\/site\/wp-content\/uploads\/2021\/12\/IMG_0294.jpg?w=1800&amp;ssl=1 1800w\" sizes=\"auto, (max-width: 975px) 100vw, 975px\" \/><\/p>\n<p>Ou trouver cette photo ? <br data-rich-text-line-break=\"true\" \/><a href=\"https:\/\/www.instagram.com\/le_floch_on\/\" data-rich-text-format-boundary=\"true\">https:\/\/www.instagram.com\/le_floch_on\/<\/a><\/p>\n<blockquote class=\"wp-embedded-content\" data-secret=\"qENcODuIc7\"><p><a href=\"https:\/\/davidbesnard.fr\/site\/produit\/froid-sur-les-flammes-de-pierre\/\">Froid sur les flammes de pierre<\/a><\/p><\/blockquote>\n<p><iframe loading=\"lazy\" class=\"wp-embedded-content\" sandbox=\"allow-scripts\" security=\"restricted\" style=\"position: absolute; visibility: hidden;\" title=\"\u00ab\u00a0Froid sur les flammes de pierre\u00a0\u00bb &#8212; David Besnard\" src=\"https:\/\/davidbesnard.fr\/site\/produit\/froid-sur-les-flammes-de-pierre\/embed\/#?secret=LX5xkkWFxx#?secret=qENcODuIc7\" data-secret=\"qENcODuIc7\" width=\"600\" height=\"338\" frameborder=\"0\" marginwidth=\"0\" marginheight=\"0\" scrolling=\"no\"><\/iframe><\/p>\n","protected":false},"excerpt":{"rendered":"<p>Ou trouver cette photo ? https:\/\/www.instagram.com\/le_floch_on\/ Froid sur les flammes de pierre<\/p>\n","protected":false},"featured_media":1721,"comment_status":"open","ping_status":"closed","template":"","meta":[],"product_brand":[],"product_cat":[175],"product_tag":[189,160,204,205,206,197,186],"class_list":{"0":"post-1700","1":"product","2":"type-product","3":"status-publish","4":"has-post-thumbnail","6":"product_cat-cartes","7":"product_tag-carte-postale","8":"product_tag-chamonix","9":"product_tag-drus","10":"product_tag-flammes-de-pierre","11":"product_tag-granit","12":"product_tag-les-drus","13":"product_tag-massif-du-mont-blanc","14":"product_shipping_class-david","15":"post-grid","17":"first","18":"instock","19":"taxable","20":"shipping-taxable","21":"purchasable","22":"product-type-simple"},"yoast_head":"<!-- This site is optimized with the Yoast SEO Premium plugin v24.9 (Yoast SEO v26.2) - https:\/\/yoast.com\/wordpress\/plugins\/seo\/ -->\n<title>Carte postale flammes de pierre - David Besnard - Froid sur les flammes de pierre<\/title>\n<meta name=\"description\" content=\"Carte postale d&#039;une photo prise en noir et blanc de l&#039;ar\u00eate des flammes de pierre. C&#039;est une ar\u00eate tr\u00e8s esth\u00e9tique, proche des Drus.\" \/>\n<meta name=\"robots\" content=\"index, follow, max-snippet:-1, max-image-preview:large, max-video-preview:-1\" \/>\n<link rel=\"canonical\" href=\"https:\/\/davidbesnard.fr\/site\/produit\/carte-postale-flammes-de-pierre\/\" \/>\n<meta property=\"og:locale\" content=\"fr_FR\" \/>\n<meta property=\"og:type\" content=\"article\" \/>\n<meta property=\"og:title\" content=\"Froid sur les flammes de pierre\" \/>\n<meta property=\"og:description\" content=\"Carte postale d&#039;une photo prise en noir et blanc de l&#039;ar\u00eate des flammes de pierre. C&#039;est une ar\u00eate tr\u00e8s esth\u00e9tique, proche des Drus.\" \/>\n<meta property=\"og:url\" content=\"https:\/\/davidbesnard.fr\/site\/produit\/carte-postale-flammes-de-pierre\/\" \/>\n<meta property=\"og:site_name\" content=\"David Besnard\" \/>\n<meta property=\"article:modified_time\" content=\"2024-10-15T17:34:32+00:00\" \/>\n<meta property=\"og:image\" content=\"https:\/\/davidbesnard.fr\/site\/wp-content\/uploads\/2023\/05\/drus-nuages.jpg\" \/>\n\t<meta property=\"og:image:width\" content=\"1700\" \/>\n\t<meta property=\"og:image:height\" content=\"1275\" \/>\n\t<meta property=\"og:image:type\" content=\"image\/jpeg\" \/>\n<meta name=\"twitter:card\" content=\"summary_large_image\" \/>\n<meta name=\"twitter:label1\" content=\"Dur\u00e9e de lecture estim\u00e9e\" \/>\n\t<meta name=\"twitter:data1\" content=\"1 minute\" \/>\n<script type=\"application\/ld+json\" class=\"yoast-schema-graph\">{\"@context\":\"https:\/\/schema.org\",\"@graph\":[{\"@type\":\"WebPage\",\"@id\":\"https:\/\/davidbesnard.fr\/site\/produit\/carte-postale-flammes-de-pierre\/\",\"url\":\"https:\/\/davidbesnard.fr\/site\/produit\/carte-postale-flammes-de-pierre\/\",\"name\":\"Carte postale flammes de pierre - David Besnard - Froid sur les flammes de pierre\",\"isPartOf\":{\"@id\":\"https:\/\/davidbesnard.fr\/site\/#website\"},\"primaryImageOfPage\":{\"@id\":\"https:\/\/davidbesnard.fr\/site\/produit\/carte-postale-flammes-de-pierre\/#primaryimage\"},\"image\":{\"@id\":\"https:\/\/davidbesnard.fr\/site\/produit\/carte-postale-flammes-de-pierre\/#primaryimage\"},\"thumbnailUrl\":\"https:\/\/i0.wp.com\/davidbesnard.fr\/site\/wp-content\/uploads\/2023\/05\/drus-nuages.jpg?fit=1700%2C1275&ssl=1\",\"datePublished\":\"2023-05-01T16:18:39+00:00\",\"dateModified\":\"2024-10-15T17:34:32+00:00\",\"description\":\"Carte postale d'une photo prise en noir et blanc de l'ar\u00eate des flammes de pierre. C'est une ar\u00eate tr\u00e8s esth\u00e9tique, proche des Drus.\",\"breadcrumb\":{\"@id\":\"https:\/\/davidbesnard.fr\/site\/produit\/carte-postale-flammes-de-pierre\/#breadcrumb\"},\"inLanguage\":\"fr-FR\",\"potentialAction\":[{\"@type\":\"ReadAction\",\"target\":[\"https:\/\/davidbesnard.fr\/site\/produit\/carte-postale-flammes-de-pierre\/\"]}]},{\"@type\":\"ImageObject\",\"inLanguage\":\"fr-FR\",\"@id\":\"https:\/\/davidbesnard.fr\/site\/produit\/carte-postale-flammes-de-pierre\/#primaryimage\",\"url\":\"https:\/\/i0.wp.com\/davidbesnard.fr\/site\/wp-content\/uploads\/2023\/05\/drus-nuages.jpg?fit=1700%2C1275&ssl=1\",\"contentUrl\":\"https:\/\/i0.wp.com\/davidbesnard.fr\/site\/wp-content\/uploads\/2023\/05\/drus-nuages.jpg?fit=1700%2C1275&ssl=1\",\"width\":1700,\"height\":1275,\"caption\":\"carte postale des flammes de pierre, \u00e0 c\u00f4t\u00e9 des drus \u00e0 chamonix dans le massif du mont blanc\"},{\"@type\":\"BreadcrumbList\",\"@id\":\"https:\/\/davidbesnard.fr\/site\/produit\/carte-postale-flammes-de-pierre\/#breadcrumb\",\"itemListElement\":[{\"@type\":\"ListItem\",\"position\":1,\"name\":\"Accueil\",\"item\":\"https:\/\/davidbesnard.fr\/site\/\"},{\"@type\":\"ListItem\",\"position\":2,\"name\":\"Froid sur les flammes de pierre\"}]},{\"@type\":\"WebSite\",\"@id\":\"https:\/\/davidbesnard.fr\/site\/#website\",\"url\":\"https:\/\/davidbesnard.fr\/site\/\",\"name\":\"David Besnard\",\"description\":\"Photographe de montagne\",\"publisher\":{\"@id\":\"https:\/\/davidbesnard.fr\/site\/#organization\"},\"potentialAction\":[{\"@type\":\"SearchAction\",\"target\":{\"@type\":\"EntryPoint\",\"urlTemplate\":\"https:\/\/davidbesnard.fr\/site\/?s={search_term_string}\"},\"query-input\":{\"@type\":\"PropertyValueSpecification\",\"valueRequired\":true,\"valueName\":\"search_term_string\"}}],\"inLanguage\":\"fr-FR\"},{\"@type\":\"Organization\",\"@id\":\"https:\/\/davidbesnard.fr\/site\/#organization\",\"name\":\"Besnard David\",\"url\":\"https:\/\/davidbesnard.fr\/site\/\",\"logo\":{\"@type\":\"ImageObject\",\"inLanguage\":\"fr-FR\",\"@id\":\"https:\/\/davidbesnard.fr\/site\/#\/schema\/logo\/image\/\",\"url\":\"https:\/\/davidbesnard.fr\/site\/wp-content\/uploads\/2018\/09\/logo.png\",\"contentUrl\":\"https:\/\/davidbesnard.fr\/site\/wp-content\/uploads\/2018\/09\/logo.png\",\"width\":703,\"height\":528,\"caption\":\"Besnard David\"},\"image\":{\"@id\":\"https:\/\/davidbesnard.fr\/site\/#\/schema\/logo\/image\/\"},\"sameAs\":[\"https:\/\/www.instagram.com\/davidmontagne\/\"]}]}<\/script>\n<!-- \/ Yoast SEO Premium plugin. -->","yoast_head_json":{"title":"Carte postale flammes de pierre - David Besnard - Froid sur les flammes de pierre","description":"Carte postale d'une photo prise en noir et blanc de l'ar\u00eate des flammes de pierre. C'est une ar\u00eate tr\u00e8s esth\u00e9tique, proche des Drus.","robots":{"index":"index","follow":"follow","max-snippet":"max-snippet:-1","max-image-preview":"max-image-preview:large","max-video-preview":"max-video-preview:-1"},"canonical":"https:\/\/davidbesnard.fr\/site\/produit\/carte-postale-flammes-de-pierre\/","og_locale":"fr_FR","og_type":"article","og_title":"Froid sur les flammes de pierre","og_description":"Carte postale d'une photo prise en noir et blanc de l'ar\u00eate des flammes de pierre. C'est une ar\u00eate tr\u00e8s esth\u00e9tique, proche des Drus.","og_url":"https:\/\/davidbesnard.fr\/site\/produit\/carte-postale-flammes-de-pierre\/","og_site_name":"David Besnard","article_modified_time":"2024-10-15T17:34:32+00:00","og_image":[{"width":1700,"height":1275,"url":"https:\/\/davidbesnard.fr\/site\/wp-content\/uploads\/2023\/05\/drus-nuages.jpg","type":"image\/jpeg"}],"twitter_card":"summary_large_image","twitter_misc":{"Dur\u00e9e de lecture estim\u00e9e":"1 minute"},"schema":{"@context":"https:\/\/schema.org","@graph":[{"@type":"WebPage","@id":"https:\/\/davidbesnard.fr\/site\/produit\/carte-postale-flammes-de-pierre\/","url":"https:\/\/davidbesnard.fr\/site\/produit\/carte-postale-flammes-de-pierre\/","name":"Carte postale flammes de pierre - David Besnard - Froid sur les flammes de pierre","isPartOf":{"@id":"https:\/\/davidbesnard.fr\/site\/#website"},"primaryImageOfPage":{"@id":"https:\/\/davidbesnard.fr\/site\/produit\/carte-postale-flammes-de-pierre\/#primaryimage"},"image":{"@id":"https:\/\/davidbesnard.fr\/site\/produit\/carte-postale-flammes-de-pierre\/#primaryimage"},"thumbnailUrl":"https:\/\/i0.wp.com\/davidbesnard.fr\/site\/wp-content\/uploads\/2023\/05\/drus-nuages.jpg?fit=1700%2C1275&ssl=1","datePublished":"2023-05-01T16:18:39+00:00","dateModified":"2024-10-15T17:34:32+00:00","description":"Carte postale d'une photo prise en noir et blanc de l'ar\u00eate des flammes de pierre. C'est une ar\u00eate tr\u00e8s esth\u00e9tique, proche des Drus.","breadcrumb":{"@id":"https:\/\/davidbesnard.fr\/site\/produit\/carte-postale-flammes-de-pierre\/#breadcrumb"},"inLanguage":"fr-FR","potentialAction":[{"@type":"ReadAction","target":["https:\/\/davidbesnard.fr\/site\/produit\/carte-postale-flammes-de-pierre\/"]}]},{"@type":"ImageObject","inLanguage":"fr-FR","@id":"https:\/\/davidbesnard.fr\/site\/produit\/carte-postale-flammes-de-pierre\/#primaryimage","url":"https:\/\/i0.wp.com\/davidbesnard.fr\/site\/wp-content\/uploads\/2023\/05\/drus-nuages.jpg?fit=1700%2C1275&ssl=1","contentUrl":"https:\/\/i0.wp.com\/davidbesnard.fr\/site\/wp-content\/uploads\/2023\/05\/drus-nuages.jpg?fit=1700%2C1275&ssl=1","width":1700,"height":1275,"caption":"carte postale des flammes de pierre, \u00e0 c\u00f4t\u00e9 des drus \u00e0 chamonix dans le massif du mont blanc"},{"@type":"BreadcrumbList","@id":"https:\/\/davidbesnard.fr\/site\/produit\/carte-postale-flammes-de-pierre\/#breadcrumb","itemListElement":[{"@type":"ListItem","position":1,"name":"Accueil","item":"https:\/\/davidbesnard.fr\/site\/"},{"@type":"ListItem","position":2,"name":"Froid sur les flammes de pierre"}]},{"@type":"WebSite","@id":"https:\/\/davidbesnard.fr\/site\/#website","url":"https:\/\/davidbesnard.fr\/site\/","name":"David Besnard","description":"Photographe de montagne","publisher":{"@id":"https:\/\/davidbesnard.fr\/site\/#organization"},"potentialAction":[{"@type":"SearchAction","target":{"@type":"EntryPoint","urlTemplate":"https:\/\/davidbesnard.fr\/site\/?s={search_term_string}"},"query-input":{"@type":"PropertyValueSpecification","valueRequired":true,"valueName":"search_term_string"}}],"inLanguage":"fr-FR"},{"@type":"Organization","@id":"https:\/\/davidbesnard.fr\/site\/#organization","name":"Besnard David","url":"https:\/\/davidbesnard.fr\/site\/","logo":{"@type":"ImageObject","inLanguage":"fr-FR","@id":"https:\/\/davidbesnard.fr\/site\/#\/schema\/logo\/image\/","url":"https:\/\/davidbesnard.fr\/site\/wp-content\/uploads\/2018\/09\/logo.png","contentUrl":"https:\/\/davidbesnard.fr\/site\/wp-content\/uploads\/2018\/09\/logo.png","width":703,"height":528,"caption":"Besnard David"},"image":{"@id":"https:\/\/davidbesnard.fr\/site\/#\/schema\/logo\/image\/"},"sameAs":["https:\/\/www.instagram.com\/davidmontagne\/"]}]}},"jetpack_sharing_enabled":true,"_links":{"self":[{"href":"https:\/\/davidbesnard.fr\/site\/wp-json\/wp\/v2\/product\/1700","targetHints":{"allow":["GET"]}}],"collection":[{"href":"https:\/\/davidbesnard.fr\/site\/wp-json\/wp\/v2\/product"}],"about":[{"href":"https:\/\/davidbesnard.fr\/site\/wp-json\/wp\/v2\/types\/product"}],"replies":[{"embeddable":true,"href":"https:\/\/davidbesnard.fr\/site\/wp-json\/wp\/v2\/comments?post=1700"}],"wp:featuredmedia":[{"embeddable":true,"href":"https:\/\/davidbesnard.fr\/site\/wp-json\/wp\/v2\/media\/1721"}],"wp:attachment":[{"href":"https:\/\/davidbesnard.fr\/site\/wp-json\/wp\/v2\/media?parent=1700"}],"wp:term":[{"taxonomy":"product_brand","embeddable":true,"href":"https:\/\/davidbesnard.fr\/site\/wp-json\/wp\/v2\/product_brand?post=1700"},{"taxonomy":"product_cat","embeddable":true,"href":"https:\/\/davidbesnard.fr\/site\/wp-json\/wp\/v2\/product_cat?post=1700"},{"taxonomy":"product_tag","embeddable":true,"href":"https:\/\/davidbesnard.fr\/site\/wp-json\/wp\/v2\/product_tag?post=1700"}],"curies":[{"name":"wp","href":"https:\/\/api.w.org\/{rel}","templated":true}]}}