{"id":1634,"date":"2023-04-17T22:39:54","date_gmt":"2023-04-17T20:39:54","guid":{"rendered":"https:\/\/davidbesnard.fr\/site\/?post_type=product&#038;p=1634"},"modified":"2026-01-07T13:38:03","modified_gmt":"2026-01-07T12:38:03","slug":"ascension-hivernale-nocturne-a-laiguille-du-midi","status":"publish","type":"product","link":"https:\/\/davidbesnard.fr\/site\/produit\/ascension-hivernale-nocturne-a-laiguille-du-midi\/","title":{"rendered":"Ligne nocturne \u00e0 la Mallory-Porter"},"content":{"rendered":"<p><img data-recalc-dims=\"1\" loading=\"lazy\" decoding=\"async\" class=\"aligncenter size-large wp-image-1635\" src=\"https:\/\/i0.wp.com\/davidbesnard.fr\/site\/wp-content\/uploads\/2023\/04\/Malory.jpg?resize=975%2C667&#038;ssl=1\" alt=\"\" width=\"975\" height=\"667\" srcset=\"https:\/\/i0.wp.com\/davidbesnard.fr\/site\/wp-content\/uploads\/2023\/04\/Malory.jpg?resize=1024%2C701&amp;ssl=1 1024w, https:\/\/i0.wp.com\/davidbesnard.fr\/site\/wp-content\/uploads\/2023\/04\/Malory.jpg?resize=300%2C205&amp;ssl=1 300w, https:\/\/i0.wp.com\/davidbesnard.fr\/site\/wp-content\/uploads\/2023\/04\/Malory.jpg?resize=768%2C526&amp;ssl=1 768w, https:\/\/i0.wp.com\/davidbesnard.fr\/site\/wp-content\/uploads\/2023\/04\/Malory.jpg?resize=1536%2C1051&amp;ssl=1 1536w, https:\/\/i0.wp.com\/davidbesnard.fr\/site\/wp-content\/uploads\/2023\/04\/Malory.jpg?resize=600%2C411&amp;ssl=1 600w, https:\/\/i0.wp.com\/davidbesnard.fr\/site\/wp-content\/uploads\/2023\/04\/Malory.jpg?w=1600&amp;ssl=1 1600w\" sizes=\"auto, (max-width: 975px) 100vw, 975px\" \/><\/p>\n<p style=\"text-align: left;\">Cr\u00e9er une photo compl\u00e8tement nouvelle et diff\u00e9rente sur une ascension d\u2019alpinistes, de nuit. Pour l\u2019originalit\u00e9 de la photo je voulais pouvoir montrer la voie emprunt\u00e9e par la cord\u00e9e gr\u00e2ce aux lumi\u00e8res de leurs frontales. L\u2019empilement de toutes les photos r\u00e9alis\u00e9es \u00e0 intervalles r\u00e9gulier apporterait une seule et unique image combinant tout l\u2019itin\u00e9raire, montrant ainsi la voie gr\u00e2ce aux frontales.<\/p>\n<p style=\"text-align: left;\">L\u2019image est le r\u00e9sultat de l\u2019empilement de 370 photos, align\u00e9es les unes sur les autres.<\/p>\n<p style=\"text-align: left;\">Pour cette ascension, d&rsquo;une hivernale nocturne \u00e0 l&rsquo;aiguille du midi, il \u00e9tait important de faire appel \u00e0 des amis pour que la photo soit une aventure humaine. L\u2019opportunit\u00e9 s\u2019est pr\u00e9sent\u00e9e de pouvoir former un groupe de 3 Sapeurs-Pompiers, notamment la cord\u00e9e de deux Sapeurs-Pompiers des Houches et de Chamonix, et moi m\u00eame.<\/p>\n<p>\u0152uvre d\u2019art en \u00e9dition limit\u00e9e, num\u00e9rot\u00e9e \u00e0 8 exemplaires et sign\u00e9e.<\/p>\n<p>La vente d\u2019une d\u2019entre elles sera revers\u00e9e en don aupr\u00e8s de l\u2019\u0152uvre des Pupilles (ODP). D\u00e9duction faite du cout d\u2019impression de l\u2019\u0153uvre.<\/p>\n<p>L\u2019\u0152uvre des Pupilles Orphelins de Fonds d\u2019Entraide des Sapeurs-Pompiers de France (ODP) est une association \u00e0 but non lucratif cr\u00e9\u00e9e le 27 mars 1926 sous l\u2019impulsion d\u2019un homme de c\u0153ur, le Commandant Georges GUESNET. Reconnue d\u2019Utilit\u00e9 Publique depuis un d\u00e9cret du 28 janvier 1928, elle est plac\u00e9e sous le Haut Patronage du Pr\u00e9sident de la R\u00e9publique.<\/p>\n<p>L\u2019ODP a pour but d\u2019assurer la protection mat\u00e9rielle et morale des Orphelins et des familles des Sapeurs-Pompiers d\u00e9c\u00e9d\u00e9s en service command\u00e9 ou non.<\/p>\n<p>Votre achat permettra donc \u00e0 l&rsquo;association de soutenir ces familles.<\/p>\n<p>ATTENTION, DERNIERE OEUVRE DISPONIBLE, DANS LA SERIE DE 8 EXEMPLAIRES, POUR LES TIRAGES NUMEROTES (Cadre aluminium &#8211; verre mus\u00e9e anti reflets).<\/p>\n<p><a href=\"https:\/\/www.pompiers.fr\/oeuvre-des-pupilles\">https:\/\/www.pompiers.fr\/oeuvre-des-pupilles<\/a><\/p>\n<blockquote class=\"wp-embedded-content\" data-secret=\"NdVXgNJkH7\"><p><a href=\"https:\/\/davidbesnard.fr\/site\/produit\/ligne-nocturne-a-la-mallory-porter\/\">Ligne nocturne \u00e0 la Mallory-Porter<\/a><\/p><\/blockquote>\n<p><iframe loading=\"lazy\" class=\"wp-embedded-content\" sandbox=\"allow-scripts\" security=\"restricted\" style=\"position: absolute; visibility: hidden;\" title=\"\u00ab\u00a0Ligne nocturne \u00e0 la Mallory-Porter\u00a0\u00bb &#8212; David Besnard\" src=\"https:\/\/davidbesnard.fr\/site\/produit\/ligne-nocturne-a-la-mallory-porter\/embed\/#?secret=lCIh5nHomF#?secret=NdVXgNJkH7\" data-secret=\"NdVXgNJkH7\" width=\"600\" height=\"338\" frameborder=\"0\" marginwidth=\"0\" marginheight=\"0\" scrolling=\"no\"><\/iframe><\/p>\n<blockquote class=\"wp-embedded-content\" data-secret=\"9gJuA5ylWj\"><p><a href=\"https:\/\/davidbesnard.fr\/site\/ascension-aiguille-du-midi\/\">Ligne nocturne \u00e0 la Mallory-Porter<\/a><\/p><\/blockquote>\n<p><iframe loading=\"lazy\" class=\"wp-embedded-content\" sandbox=\"allow-scripts\" security=\"restricted\" style=\"position: absolute; visibility: hidden;\" title=\"\u00ab\u00a0Ligne nocturne \u00e0 la Mallory-Porter\u00a0\u00bb &#8212; David Besnard\" src=\"https:\/\/davidbesnard.fr\/site\/ascension-aiguille-du-midi\/embed\/#?secret=7Izvu9YHaa#?secret=9gJuA5ylWj\" data-secret=\"9gJuA5ylWj\" width=\"600\" height=\"338\" frameborder=\"0\" marginwidth=\"0\" marginheight=\"0\" scrolling=\"no\"><\/iframe><\/p>\n","protected":false},"excerpt":{"rendered":"<p>Cr\u00e9er une photo compl\u00e8tement nouvelle et diff\u00e9rente sur une ascension d\u2019alpinistes, de nuit. Pour l\u2019originalit\u00e9 de la photo je voulais pouvoir montrer la voie emprunt\u00e9e&hellip;<\/p>\n","protected":false},"featured_media":1780,"comment_status":"open","ping_status":"closed","template":"","meta":[],"product_brand":[],"product_cat":[174],"product_tag":[158,160],"class_list":{"0":"post-1634","1":"product","2":"type-product","3":"status-publish","4":"has-post-thumbnail","6":"product_cat-oeuvres","7":"product_tag-aiguille-du-midi","8":"product_tag-chamonix","9":"post-grid","11":"first","12":"instock","13":"taxable","14":"shipping-taxable","15":"purchasable","16":"product-type-variable"},"yoast_head":"<!-- This site is optimized with the Yoast SEO Premium plugin v24.9 (Yoast SEO v26.2) - https:\/\/yoast.com\/wordpress\/plugins\/seo\/ -->\n<title>David Besnard - Ascension Hivernale Nocturne A l&#039;Aiguille Du Midi<\/title>\n<meta name=\"description\" content=\"Projet photo de 3 sapeurs-pompiers de la vall\u00e9e de chamonix. Photographie d&#039;une ascension hivernale nocturne, voie Mallory-Porter, \u00e0 l&#039;aiguille du midi.\" \/>\n<meta name=\"robots\" content=\"index, follow, max-snippet:-1, max-image-preview:large, max-video-preview:-1\" \/>\n<link rel=\"canonical\" href=\"https:\/\/davidbesnard.fr\/site\/produit\/ascension-hivernale-nocturne-a-laiguille-du-midi\/\" \/>\n<meta property=\"og:locale\" content=\"fr_FR\" \/>\n<meta property=\"og:type\" content=\"article\" \/>\n<meta property=\"og:title\" content=\"Ligne nocturne \u00e0 la Mallory-Porter\" \/>\n<meta property=\"og:description\" content=\"Projet photo de 3 sapeurs-pompiers de la vall\u00e9e de chamonix. Photographie d&#039;une ascension hivernale nocturne, voie Mallory-Porter, \u00e0 l&#039;aiguille du midi.\" \/>\n<meta property=\"og:url\" content=\"https:\/\/davidbesnard.fr\/site\/produit\/ascension-hivernale-nocturne-a-laiguille-du-midi\/\" \/>\n<meta property=\"og:site_name\" content=\"David Besnard\" \/>\n<meta property=\"article:modified_time\" content=\"2026-01-07T12:38:03+00:00\" \/>\n<meta property=\"og:image\" content=\"https:\/\/i0.wp.com\/davidbesnard.fr\/site\/wp-content\/uploads\/2018\/09\/logo.png?fit=703%2C528&ssl=1\" \/>\n\t<meta property=\"og:image:width\" content=\"703\" \/>\n\t<meta property=\"og:image:height\" content=\"528\" \/>\n\t<meta property=\"og:image:type\" content=\"image\/png\" \/>\n<meta name=\"twitter:card\" content=\"summary_large_image\" \/>\n<meta name=\"twitter:label1\" content=\"Dur\u00e9e de lecture estim\u00e9e\" \/>\n\t<meta name=\"twitter:data1\" content=\"2 minutes\" \/>\n<script type=\"application\/ld+json\" class=\"yoast-schema-graph\">{\"@context\":\"https:\/\/schema.org\",\"@graph\":[{\"@type\":\"WebPage\",\"@id\":\"https:\/\/davidbesnard.fr\/site\/produit\/ascension-hivernale-nocturne-a-laiguille-du-midi\/\",\"url\":\"https:\/\/davidbesnard.fr\/site\/produit\/ascension-hivernale-nocturne-a-laiguille-du-midi\/\",\"name\":\"David Besnard - Ascension Hivernale Nocturne A l'Aiguille Du Midi\",\"isPartOf\":{\"@id\":\"https:\/\/davidbesnard.fr\/site\/#website\"},\"primaryImageOfPage\":{\"@id\":\"https:\/\/davidbesnard.fr\/site\/produit\/ascension-hivernale-nocturne-a-laiguille-du-midi\/#primaryimage\"},\"image\":{\"@id\":\"https:\/\/davidbesnard.fr\/site\/produit\/ascension-hivernale-nocturne-a-laiguille-du-midi\/#primaryimage\"},\"thumbnailUrl\":\"https:\/\/i0.wp.com\/davidbesnard.fr\/site\/wp-content\/uploads\/2024\/08\/aiguilledumidi.jpg?fit=800%2C1200&ssl=1\",\"datePublished\":\"2023-04-17T20:39:54+00:00\",\"dateModified\":\"2026-01-07T12:38:03+00:00\",\"description\":\"Projet photo de 3 sapeurs-pompiers de la vall\u00e9e de chamonix. Photographie d'une ascension hivernale nocturne, voie Mallory-Porter, \u00e0 l'aiguille du midi.\",\"breadcrumb\":{\"@id\":\"https:\/\/davidbesnard.fr\/site\/produit\/ascension-hivernale-nocturne-a-laiguille-du-midi\/#breadcrumb\"},\"inLanguage\":\"fr-FR\",\"potentialAction\":[{\"@type\":\"ReadAction\",\"target\":[\"https:\/\/davidbesnard.fr\/site\/produit\/ascension-hivernale-nocturne-a-laiguille-du-midi\/\"]}]},{\"@type\":\"ImageObject\",\"inLanguage\":\"fr-FR\",\"@id\":\"https:\/\/davidbesnard.fr\/site\/produit\/ascension-hivernale-nocturne-a-laiguille-du-midi\/#primaryimage\",\"url\":\"https:\/\/i0.wp.com\/davidbesnard.fr\/site\/wp-content\/uploads\/2024\/08\/aiguilledumidi.jpg?fit=800%2C1200&ssl=1\",\"contentUrl\":\"https:\/\/i0.wp.com\/davidbesnard.fr\/site\/wp-content\/uploads\/2024\/08\/aiguilledumidi.jpg?fit=800%2C1200&ssl=1\",\"width\":800,\"height\":1200,\"caption\":\"Ascension hivernale de nuit par deux sapeurs pompiers de la vall\u00e9e de chamonix. Projet de 3 sapeurs pompiers, artistique, humain et alpinisme. Photographie d'une ascension nocturne en hiver sur la voie mallory porter depuis le brevent, \u00e0 Chamonix. Oeuvre disponible au magasin peak performance de chamonix, pour l'oeuvre des pupilles des sapeurs pompiers de france. Ascension nocturne en hiver en haute savoie, photographie d'art en \u00e9dition limit\u00e9e.\"},{\"@type\":\"BreadcrumbList\",\"@id\":\"https:\/\/davidbesnard.fr\/site\/produit\/ascension-hivernale-nocturne-a-laiguille-du-midi\/#breadcrumb\",\"itemListElement\":[{\"@type\":\"ListItem\",\"position\":1,\"name\":\"Accueil\",\"item\":\"https:\/\/davidbesnard.fr\/site\/\"},{\"@type\":\"ListItem\",\"position\":2,\"name\":\"Ligne nocturne \u00e0 la Mallory-Porter\"}]},{\"@type\":\"WebSite\",\"@id\":\"https:\/\/davidbesnard.fr\/site\/#website\",\"url\":\"https:\/\/davidbesnard.fr\/site\/\",\"name\":\"David Besnard\",\"description\":\"Photographe de montagne\",\"publisher\":{\"@id\":\"https:\/\/davidbesnard.fr\/site\/#organization\"},\"potentialAction\":[{\"@type\":\"SearchAction\",\"target\":{\"@type\":\"EntryPoint\",\"urlTemplate\":\"https:\/\/davidbesnard.fr\/site\/?s={search_term_string}\"},\"query-input\":{\"@type\":\"PropertyValueSpecification\",\"valueRequired\":true,\"valueName\":\"search_term_string\"}}],\"inLanguage\":\"fr-FR\"},{\"@type\":\"Organization\",\"@id\":\"https:\/\/davidbesnard.fr\/site\/#organization\",\"name\":\"Besnard David\",\"url\":\"https:\/\/davidbesnard.fr\/site\/\",\"logo\":{\"@type\":\"ImageObject\",\"inLanguage\":\"fr-FR\",\"@id\":\"https:\/\/davidbesnard.fr\/site\/#\/schema\/logo\/image\/\",\"url\":\"https:\/\/davidbesnard.fr\/site\/wp-content\/uploads\/2018\/09\/logo.png\",\"contentUrl\":\"https:\/\/davidbesnard.fr\/site\/wp-content\/uploads\/2018\/09\/logo.png\",\"width\":703,\"height\":528,\"caption\":\"Besnard David\"},\"image\":{\"@id\":\"https:\/\/davidbesnard.fr\/site\/#\/schema\/logo\/image\/\"},\"sameAs\":[\"https:\/\/www.instagram.com\/davidmontagne\/\"]}]}<\/script>\n<!-- \/ Yoast SEO Premium plugin. -->","yoast_head_json":{"title":"David Besnard - Ascension Hivernale Nocturne A l'Aiguille Du Midi","description":"Projet photo de 3 sapeurs-pompiers de la vall\u00e9e de chamonix. Photographie d'une ascension hivernale nocturne, voie Mallory-Porter, \u00e0 l'aiguille du midi.","robots":{"index":"index","follow":"follow","max-snippet":"max-snippet:-1","max-image-preview":"max-image-preview:large","max-video-preview":"max-video-preview:-1"},"canonical":"https:\/\/davidbesnard.fr\/site\/produit\/ascension-hivernale-nocturne-a-laiguille-du-midi\/","og_locale":"fr_FR","og_type":"article","og_title":"Ligne nocturne \u00e0 la Mallory-Porter","og_description":"Projet photo de 3 sapeurs-pompiers de la vall\u00e9e de chamonix. Photographie d'une ascension hivernale nocturne, voie Mallory-Porter, \u00e0 l'aiguille du midi.","og_url":"https:\/\/davidbesnard.fr\/site\/produit\/ascension-hivernale-nocturne-a-laiguille-du-midi\/","og_site_name":"David Besnard","article_modified_time":"2026-01-07T12:38:03+00:00","og_image":[{"width":703,"height":528,"url":"https:\/\/i0.wp.com\/davidbesnard.fr\/site\/wp-content\/uploads\/2018\/09\/logo.png?fit=703%2C528&ssl=1","type":"image\/png"}],"twitter_card":"summary_large_image","twitter_misc":{"Dur\u00e9e de lecture estim\u00e9e":"2 minutes"},"schema":{"@context":"https:\/\/schema.org","@graph":[{"@type":"WebPage","@id":"https:\/\/davidbesnard.fr\/site\/produit\/ascension-hivernale-nocturne-a-laiguille-du-midi\/","url":"https:\/\/davidbesnard.fr\/site\/produit\/ascension-hivernale-nocturne-a-laiguille-du-midi\/","name":"David Besnard - Ascension Hivernale Nocturne A l'Aiguille Du Midi","isPartOf":{"@id":"https:\/\/davidbesnard.fr\/site\/#website"},"primaryImageOfPage":{"@id":"https:\/\/davidbesnard.fr\/site\/produit\/ascension-hivernale-nocturne-a-laiguille-du-midi\/#primaryimage"},"image":{"@id":"https:\/\/davidbesnard.fr\/site\/produit\/ascension-hivernale-nocturne-a-laiguille-du-midi\/#primaryimage"},"thumbnailUrl":"https:\/\/i0.wp.com\/davidbesnard.fr\/site\/wp-content\/uploads\/2024\/08\/aiguilledumidi.jpg?fit=800%2C1200&ssl=1","datePublished":"2023-04-17T20:39:54+00:00","dateModified":"2026-01-07T12:38:03+00:00","description":"Projet photo de 3 sapeurs-pompiers de la vall\u00e9e de chamonix. Photographie d'une ascension hivernale nocturne, voie Mallory-Porter, \u00e0 l'aiguille du midi.","breadcrumb":{"@id":"https:\/\/davidbesnard.fr\/site\/produit\/ascension-hivernale-nocturne-a-laiguille-du-midi\/#breadcrumb"},"inLanguage":"fr-FR","potentialAction":[{"@type":"ReadAction","target":["https:\/\/davidbesnard.fr\/site\/produit\/ascension-hivernale-nocturne-a-laiguille-du-midi\/"]}]},{"@type":"ImageObject","inLanguage":"fr-FR","@id":"https:\/\/davidbesnard.fr\/site\/produit\/ascension-hivernale-nocturne-a-laiguille-du-midi\/#primaryimage","url":"https:\/\/i0.wp.com\/davidbesnard.fr\/site\/wp-content\/uploads\/2024\/08\/aiguilledumidi.jpg?fit=800%2C1200&ssl=1","contentUrl":"https:\/\/i0.wp.com\/davidbesnard.fr\/site\/wp-content\/uploads\/2024\/08\/aiguilledumidi.jpg?fit=800%2C1200&ssl=1","width":800,"height":1200,"caption":"Ascension hivernale de nuit par deux sapeurs pompiers de la vall\u00e9e de chamonix. Projet de 3 sapeurs pompiers, artistique, humain et alpinisme. Photographie d'une ascension nocturne en hiver sur la voie mallory porter depuis le brevent, \u00e0 Chamonix. Oeuvre disponible au magasin peak performance de chamonix, pour l'oeuvre des pupilles des sapeurs pompiers de france. Ascension nocturne en hiver en haute savoie, photographie d'art en \u00e9dition limit\u00e9e."},{"@type":"BreadcrumbList","@id":"https:\/\/davidbesnard.fr\/site\/produit\/ascension-hivernale-nocturne-a-laiguille-du-midi\/#breadcrumb","itemListElement":[{"@type":"ListItem","position":1,"name":"Accueil","item":"https:\/\/davidbesnard.fr\/site\/"},{"@type":"ListItem","position":2,"name":"Ligne nocturne \u00e0 la Mallory-Porter"}]},{"@type":"WebSite","@id":"https:\/\/davidbesnard.fr\/site\/#website","url":"https:\/\/davidbesnard.fr\/site\/","name":"David Besnard","description":"Photographe de montagne","publisher":{"@id":"https:\/\/davidbesnard.fr\/site\/#organization"},"potentialAction":[{"@type":"SearchAction","target":{"@type":"EntryPoint","urlTemplate":"https:\/\/davidbesnard.fr\/site\/?s={search_term_string}"},"query-input":{"@type":"PropertyValueSpecification","valueRequired":true,"valueName":"search_term_string"}}],"inLanguage":"fr-FR"},{"@type":"Organization","@id":"https:\/\/davidbesnard.fr\/site\/#organization","name":"Besnard David","url":"https:\/\/davidbesnard.fr\/site\/","logo":{"@type":"ImageObject","inLanguage":"fr-FR","@id":"https:\/\/davidbesnard.fr\/site\/#\/schema\/logo\/image\/","url":"https:\/\/davidbesnard.fr\/site\/wp-content\/uploads\/2018\/09\/logo.png","contentUrl":"https:\/\/davidbesnard.fr\/site\/wp-content\/uploads\/2018\/09\/logo.png","width":703,"height":528,"caption":"Besnard David"},"image":{"@id":"https:\/\/davidbesnard.fr\/site\/#\/schema\/logo\/image\/"},"sameAs":["https:\/\/www.instagram.com\/davidmontagne\/"]}]}},"jetpack_sharing_enabled":true,"_links":{"self":[{"href":"https:\/\/davidbesnard.fr\/site\/wp-json\/wp\/v2\/product\/1634","targetHints":{"allow":["GET"]}}],"collection":[{"href":"https:\/\/davidbesnard.fr\/site\/wp-json\/wp\/v2\/product"}],"about":[{"href":"https:\/\/davidbesnard.fr\/site\/wp-json\/wp\/v2\/types\/product"}],"replies":[{"embeddable":true,"href":"https:\/\/davidbesnard.fr\/site\/wp-json\/wp\/v2\/comments?post=1634"}],"wp:featuredmedia":[{"embeddable":true,"href":"https:\/\/davidbesnard.fr\/site\/wp-json\/wp\/v2\/media\/1780"}],"wp:attachment":[{"href":"https:\/\/davidbesnard.fr\/site\/wp-json\/wp\/v2\/media?parent=1634"}],"wp:term":[{"taxonomy":"product_brand","embeddable":true,"href":"https:\/\/davidbesnard.fr\/site\/wp-json\/wp\/v2\/product_brand?post=1634"},{"taxonomy":"product_cat","embeddable":true,"href":"https:\/\/davidbesnard.fr\/site\/wp-json\/wp\/v2\/product_cat?post=1634"},{"taxonomy":"product_tag","embeddable":true,"href":"https:\/\/davidbesnard.fr\/site\/wp-json\/wp\/v2\/product_tag?post=1634"}],"curies":[{"name":"wp","href":"https:\/\/api.w.org\/{rel}","templated":true}]}}