{"id":127,"date":"2018-09-23T12:18:39","date_gmt":"2018-09-23T10:18:39","guid":{"rendered":"http:\/\/davidbesnard.fr\/site\/?page_id=127"},"modified":"2023-04-05T11:27:00","modified_gmt":"2023-04-05T09:27:00","slug":"biographie","status":"publish","type":"page","link":"https:\/\/davidbesnard.fr\/site\/biographie\/","title":{"rendered":"Biographie"},"content":{"rendered":"<p>Je m&rsquo;appelle David Besnard.<\/p>\n<p>Pour moi la photographie repr\u00e9sente une mani\u00e8re d&rsquo;illustrer des pens\u00e9es pour cr\u00e9er des photos autour d&rsquo;un univers. J&rsquo;ai toujours aim\u00e9 prendre des photos, figer le temps mais savoir appr\u00e9cier ces photos ind\u00e9finiment. J&rsquo;ai 33 ans et j&rsquo;habite aux Houches, un petit village de montagne \u00e0 proximit\u00e9 de Chamonix. Avant d&rsquo;\u00eatre en montagne j&rsquo;aimais prendre des paysages, des macros, des mod\u00e8les puis le sport est apparu comme une \u00e9vidence, en m&rsquo;inspirant de l&rsquo;outdoor.<\/p>\n<p>Du sport je me suis ensuite orient\u00e9 vers la photo de montagnes. Elle sait offrir ce que je recherche et j&rsquo;arrive \u00e0 cr\u00e9er les photos que j&rsquo;ai envie. Au fil des saisons les ambiances et les couleurs changent. La couleur est un \u00e9l\u00e9ment essentiel qui \u00e9volue chaque saisons, du blanc pur de l&rsquo;hiver aux couleurs de l&rsquo;automne. Dans mes photos vous retrouverez alors toujours une couleur dominante qui s&rsquo;articule autour du sujet.<\/p>\n<p>Je pars souvent seul, sauf en haute montagne o\u00f9 il est important d&rsquo;\u00eatre deux. Prendre des photos c&rsquo;est aussi un pr\u00e9texte pour aller en montagne et ramener quelque chose.<\/p>\n<p>Je vous laisse d\u00e9sormais profiter du site. Au plaisir.<\/p>\n","protected":false},"excerpt":{"rendered":"<p>Je m&rsquo;appelle David Besnard. Pour moi la photographie repr\u00e9sente une mani\u00e8re d&rsquo;illustrer des pens\u00e9es pour cr\u00e9er des photos autour d&rsquo;un univers. J&rsquo;ai toujours aim\u00e9 prendre&hellip;<\/p>\n","protected":false},"author":1,"featured_media":94,"parent":0,"menu_order":0,"comment_status":"closed","ping_status":"closed","template":"","meta":{"footnotes":""},"class_list":["post-127","page","type-page","status-publish","has-post-thumbnail","hentry","post-grid"],"yoast_head":"<!-- This site is optimized with the Yoast SEO Premium plugin v24.9 (Yoast SEO v26.2) - https:\/\/yoast.com\/wordpress\/plugins\/seo\/ -->\n<title>Biographie - David Besnard<\/title>\n<meta name=\"robots\" content=\"index, follow, max-snippet:-1, max-image-preview:large, max-video-preview:-1\" \/>\n<link rel=\"canonical\" href=\"https:\/\/davidbesnard.fr\/site\/biographie\/\" \/>\n<meta property=\"og:locale\" content=\"fr_FR\" \/>\n<meta property=\"og:type\" content=\"article\" \/>\n<meta property=\"og:title\" content=\"Biographie\" \/>\n<meta property=\"og:description\" content=\"Je m&rsquo;appelle David Besnard. Pour moi la photographie repr\u00e9sente une mani\u00e8re d&rsquo;illustrer des pens\u00e9es pour cr\u00e9er des photos autour d&rsquo;un univers. J&rsquo;ai toujours aim\u00e9 prendre&hellip;\" \/>\n<meta property=\"og:url\" content=\"https:\/\/davidbesnard.fr\/site\/biographie\/\" \/>\n<meta property=\"og:site_name\" content=\"David Besnard\" \/>\n<meta property=\"article:modified_time\" content=\"2023-04-05T09:27:00+00:00\" \/>\n<meta property=\"og:image\" content=\"https:\/\/davidbesnard.fr\/site\/wp-content\/uploads\/2018\/09\/IMG_4580.jpg\" \/>\n\t<meta property=\"og:image:width\" content=\"5184\" \/>\n\t<meta property=\"og:image:height\" content=\"3456\" \/>\n\t<meta property=\"og:image:type\" content=\"image\/jpeg\" \/>\n<meta name=\"twitter:card\" content=\"summary_large_image\" \/>\n<meta name=\"twitter:label1\" content=\"Dur\u00e9e de lecture estim\u00e9e\" \/>\n\t<meta name=\"twitter:data1\" content=\"1 minute\" \/>\n<script type=\"application\/ld+json\" class=\"yoast-schema-graph\">{\"@context\":\"https:\/\/schema.org\",\"@graph\":[{\"@type\":\"WebPage\",\"@id\":\"https:\/\/davidbesnard.fr\/site\/biographie\/\",\"url\":\"https:\/\/davidbesnard.fr\/site\/biographie\/\",\"name\":\"Biographie - David Besnard\",\"isPartOf\":{\"@id\":\"https:\/\/davidbesnard.fr\/site\/#website\"},\"primaryImageOfPage\":{\"@id\":\"https:\/\/davidbesnard.fr\/site\/biographie\/#primaryimage\"},\"image\":{\"@id\":\"https:\/\/davidbesnard.fr\/site\/biographie\/#primaryimage\"},\"thumbnailUrl\":\"https:\/\/i0.wp.com\/davidbesnard.fr\/site\/wp-content\/uploads\/2018\/09\/IMG_4580.jpg?fit=2560%2C1707&ssl=1\",\"datePublished\":\"2018-09-23T10:18:39+00:00\",\"dateModified\":\"2023-04-05T09:27:00+00:00\",\"breadcrumb\":{\"@id\":\"https:\/\/davidbesnard.fr\/site\/biographie\/#breadcrumb\"},\"inLanguage\":\"fr-FR\",\"potentialAction\":[{\"@type\":\"ReadAction\",\"target\":[\"https:\/\/davidbesnard.fr\/site\/biographie\/\"]}]},{\"@type\":\"ImageObject\",\"inLanguage\":\"fr-FR\",\"@id\":\"https:\/\/davidbesnard.fr\/site\/biographie\/#primaryimage\",\"url\":\"https:\/\/i0.wp.com\/davidbesnard.fr\/site\/wp-content\/uploads\/2018\/09\/IMG_4580.jpg?fit=2560%2C1707&ssl=1\",\"contentUrl\":\"https:\/\/i0.wp.com\/davidbesnard.fr\/site\/wp-content\/uploads\/2018\/09\/IMG_4580.jpg?fit=2560%2C1707&ssl=1\",\"width\":2560,\"height\":1707,\"caption\":\"david\"},{\"@type\":\"BreadcrumbList\",\"@id\":\"https:\/\/davidbesnard.fr\/site\/biographie\/#breadcrumb\",\"itemListElement\":[{\"@type\":\"ListItem\",\"position\":1,\"name\":\"Accueil\",\"item\":\"https:\/\/davidbesnard.fr\/site\/\"},{\"@type\":\"ListItem\",\"position\":2,\"name\":\"Biographie\"}]},{\"@type\":\"WebSite\",\"@id\":\"https:\/\/davidbesnard.fr\/site\/#website\",\"url\":\"https:\/\/davidbesnard.fr\/site\/\",\"name\":\"David Besnard\",\"description\":\"Photographe de montagne\",\"publisher\":{\"@id\":\"https:\/\/davidbesnard.fr\/site\/#organization\"},\"potentialAction\":[{\"@type\":\"SearchAction\",\"target\":{\"@type\":\"EntryPoint\",\"urlTemplate\":\"https:\/\/davidbesnard.fr\/site\/?s={search_term_string}\"},\"query-input\":{\"@type\":\"PropertyValueSpecification\",\"valueRequired\":true,\"valueName\":\"search_term_string\"}}],\"inLanguage\":\"fr-FR\"},{\"@type\":\"Organization\",\"@id\":\"https:\/\/davidbesnard.fr\/site\/#organization\",\"name\":\"Besnard David\",\"url\":\"https:\/\/davidbesnard.fr\/site\/\",\"logo\":{\"@type\":\"ImageObject\",\"inLanguage\":\"fr-FR\",\"@id\":\"https:\/\/davidbesnard.fr\/site\/#\/schema\/logo\/image\/\",\"url\":\"https:\/\/davidbesnard.fr\/site\/wp-content\/uploads\/2018\/09\/logo.png\",\"contentUrl\":\"https:\/\/davidbesnard.fr\/site\/wp-content\/uploads\/2018\/09\/logo.png\",\"width\":703,\"height\":528,\"caption\":\"Besnard David\"},\"image\":{\"@id\":\"https:\/\/davidbesnard.fr\/site\/#\/schema\/logo\/image\/\"},\"sameAs\":[\"https:\/\/www.instagram.com\/davidmontagne\/\"]}]}<\/script>\n<!-- \/ Yoast SEO Premium plugin. -->","yoast_head_json":{"title":"Biographie - David Besnard","robots":{"index":"index","follow":"follow","max-snippet":"max-snippet:-1","max-image-preview":"max-image-preview:large","max-video-preview":"max-video-preview:-1"},"canonical":"https:\/\/davidbesnard.fr\/site\/biographie\/","og_locale":"fr_FR","og_type":"article","og_title":"Biographie","og_description":"Je m&rsquo;appelle David Besnard. Pour moi la photographie repr\u00e9sente une mani\u00e8re d&rsquo;illustrer des pens\u00e9es pour cr\u00e9er des photos autour d&rsquo;un univers. J&rsquo;ai toujours aim\u00e9 prendre&hellip;","og_url":"https:\/\/davidbesnard.fr\/site\/biographie\/","og_site_name":"David Besnard","article_modified_time":"2023-04-05T09:27:00+00:00","og_image":[{"width":5184,"height":3456,"url":"https:\/\/davidbesnard.fr\/site\/wp-content\/uploads\/2018\/09\/IMG_4580.jpg","type":"image\/jpeg"}],"twitter_card":"summary_large_image","twitter_misc":{"Dur\u00e9e de lecture estim\u00e9e":"1 minute"},"schema":{"@context":"https:\/\/schema.org","@graph":[{"@type":"WebPage","@id":"https:\/\/davidbesnard.fr\/site\/biographie\/","url":"https:\/\/davidbesnard.fr\/site\/biographie\/","name":"Biographie - David Besnard","isPartOf":{"@id":"https:\/\/davidbesnard.fr\/site\/#website"},"primaryImageOfPage":{"@id":"https:\/\/davidbesnard.fr\/site\/biographie\/#primaryimage"},"image":{"@id":"https:\/\/davidbesnard.fr\/site\/biographie\/#primaryimage"},"thumbnailUrl":"https:\/\/i0.wp.com\/davidbesnard.fr\/site\/wp-content\/uploads\/2018\/09\/IMG_4580.jpg?fit=2560%2C1707&ssl=1","datePublished":"2018-09-23T10:18:39+00:00","dateModified":"2023-04-05T09:27:00+00:00","breadcrumb":{"@id":"https:\/\/davidbesnard.fr\/site\/biographie\/#breadcrumb"},"inLanguage":"fr-FR","potentialAction":[{"@type":"ReadAction","target":["https:\/\/davidbesnard.fr\/site\/biographie\/"]}]},{"@type":"ImageObject","inLanguage":"fr-FR","@id":"https:\/\/davidbesnard.fr\/site\/biographie\/#primaryimage","url":"https:\/\/i0.wp.com\/davidbesnard.fr\/site\/wp-content\/uploads\/2018\/09\/IMG_4580.jpg?fit=2560%2C1707&ssl=1","contentUrl":"https:\/\/i0.wp.com\/davidbesnard.fr\/site\/wp-content\/uploads\/2018\/09\/IMG_4580.jpg?fit=2560%2C1707&ssl=1","width":2560,"height":1707,"caption":"david"},{"@type":"BreadcrumbList","@id":"https:\/\/davidbesnard.fr\/site\/biographie\/#breadcrumb","itemListElement":[{"@type":"ListItem","position":1,"name":"Accueil","item":"https:\/\/davidbesnard.fr\/site\/"},{"@type":"ListItem","position":2,"name":"Biographie"}]},{"@type":"WebSite","@id":"https:\/\/davidbesnard.fr\/site\/#website","url":"https:\/\/davidbesnard.fr\/site\/","name":"David Besnard","description":"Photographe de montagne","publisher":{"@id":"https:\/\/davidbesnard.fr\/site\/#organization"},"potentialAction":[{"@type":"SearchAction","target":{"@type":"EntryPoint","urlTemplate":"https:\/\/davidbesnard.fr\/site\/?s={search_term_string}"},"query-input":{"@type":"PropertyValueSpecification","valueRequired":true,"valueName":"search_term_string"}}],"inLanguage":"fr-FR"},{"@type":"Organization","@id":"https:\/\/davidbesnard.fr\/site\/#organization","name":"Besnard David","url":"https:\/\/davidbesnard.fr\/site\/","logo":{"@type":"ImageObject","inLanguage":"fr-FR","@id":"https:\/\/davidbesnard.fr\/site\/#\/schema\/logo\/image\/","url":"https:\/\/davidbesnard.fr\/site\/wp-content\/uploads\/2018\/09\/logo.png","contentUrl":"https:\/\/davidbesnard.fr\/site\/wp-content\/uploads\/2018\/09\/logo.png","width":703,"height":528,"caption":"Besnard David"},"image":{"@id":"https:\/\/davidbesnard.fr\/site\/#\/schema\/logo\/image\/"},"sameAs":["https:\/\/www.instagram.com\/davidmontagne\/"]}]}},"jetpack_sharing_enabled":true,"_links":{"self":[{"href":"https:\/\/davidbesnard.fr\/site\/wp-json\/wp\/v2\/pages\/127","targetHints":{"allow":["GET"]}}],"collection":[{"href":"https:\/\/davidbesnard.fr\/site\/wp-json\/wp\/v2\/pages"}],"about":[{"href":"https:\/\/davidbesnard.fr\/site\/wp-json\/wp\/v2\/types\/page"}],"author":[{"embeddable":true,"href":"https:\/\/davidbesnard.fr\/site\/wp-json\/wp\/v2\/users\/1"}],"replies":[{"embeddable":true,"href":"https:\/\/davidbesnard.fr\/site\/wp-json\/wp\/v2\/comments?post=127"}],"version-history":[{"count":11,"href":"https:\/\/davidbesnard.fr\/site\/wp-json\/wp\/v2\/pages\/127\/revisions"}],"predecessor-version":[{"id":1626,"href":"https:\/\/davidbesnard.fr\/site\/wp-json\/wp\/v2\/pages\/127\/revisions\/1626"}],"wp:featuredmedia":[{"embeddable":true,"href":"https:\/\/davidbesnard.fr\/site\/wp-json\/wp\/v2\/media\/94"}],"wp:attachment":[{"href":"https:\/\/davidbesnard.fr\/site\/wp-json\/wp\/v2\/media?parent=127"}],"curies":[{"name":"wp","href":"https:\/\/api.w.org\/{rel}","templated":true}]}}